{"id":294,"date":"2023-04-10T17:15:30","date_gmt":"2023-04-10T15:15:30","guid":{"rendered":"https:\/\/annarom.hu\/?page_id=294"},"modified":"2023-07-04T14:59:44","modified_gmt":"2023-07-04T12:59:44","slug":"illoolajat-vasarolnal","status":"publish","type":"page","link":"https:\/\/annarom.hu\/?page_id=294","title":{"rendered":"Ill\u00f3olajat v\u00e1s\u00e1roln\u00e1l?"},"content":{"rendered":"\t\t<div data-elementor-type=\"wp-page\" data-elementor-id=\"294\" class=\"elementor elementor-294\">\n\t\t\t\t\t\t<section class=\"elementor-section elementor-top-section elementor-element elementor-element-eca1400 elementor-section-boxed elementor-section-height-default elementor-section-height-default\" data-id=\"eca1400\" data-element_type=\"section\" data-e-type=\"section\">\n\t\t\t\t\t\t<div class=\"elementor-container elementor-column-gap-default\">\n\t\t\t\t\t<div class=\"elementor-column elementor-col-50 elementor-top-column elementor-element elementor-element-2682fbc\" data-id=\"2682fbc\" data-element_type=\"column\" data-e-type=\"column\">\n\t\t\t<div class=\"elementor-widget-wrap elementor-element-populated\">\n\t\t\t\t\t\t<div class=\"elementor-element elementor-element-16bcdbb elementor-widget elementor-widget-heading\" data-id=\"16bcdbb\" data-element_type=\"widget\" data-e-type=\"widget\" data-widget_type=\"heading.default\">\n\t\t\t\t<div class=\"elementor-widget-container\">\n\t\t\t\t\t<h2 class=\"elementor-heading-title elementor-size-default\">Annarom<\/h2>\t\t\t\t<\/div>\n\t\t\t\t<\/div>\n\t\t\t\t\t<\/div>\n\t\t<\/div>\n\t\t\t\t<div class=\"elementor-column elementor-col-50 elementor-top-column elementor-element elementor-element-c02bf40\" data-id=\"c02bf40\" data-element_type=\"column\" data-e-type=\"column\">\n\t\t\t<div class=\"elementor-widget-wrap elementor-element-populated\">\n\t\t\t\t\t\t<div class=\"elementor-element elementor-element-dc228cb elementor-widget elementor-widget-heading\" data-id=\"dc228cb\" data-element_type=\"widget\" data-e-type=\"widget\" data-widget_type=\"heading.default\">\n\t\t\t\t<div class=\"elementor-widget-container\">\n\t\t\t\t\t<h2 class=\"elementor-heading-title elementor-size-default\">Eg\u00e9szs\u00e9gfejleszt\u00e9s egyszer\u0171en<\/h2>\t\t\t\t<\/div>\n\t\t\t\t<\/div>\n\t\t\t\t\t<\/div>\n\t\t<\/div>\n\t\t\t\t\t<\/div>\n\t\t<\/section>\n\t\t\t\t<section class=\"elementor-section elementor-top-section elementor-element elementor-element-20a223b elementor-section-boxed elementor-section-height-default elementor-section-height-default\" data-id=\"20a223b\" data-element_type=\"section\" data-e-type=\"section\">\n\t\t\t\t\t\t<div class=\"elementor-container elementor-column-gap-default\">\n\t\t\t\t\t<div class=\"elementor-column elementor-col-100 elementor-top-column elementor-element elementor-element-c94e45c\" data-id=\"c94e45c\" data-element_type=\"column\" data-e-type=\"column\">\n\t\t\t<div class=\"elementor-widget-wrap elementor-element-populated\">\n\t\t\t\t\t\t<div class=\"elementor-element elementor-element-768b894 elementor-widget-divider--view-line elementor-widget elementor-widget-divider\" data-id=\"768b894\" data-element_type=\"widget\" data-e-type=\"widget\" data-widget_type=\"divider.default\">\n\t\t\t\t<div class=\"elementor-widget-container\">\n\t\t\t\t\t\t\t<div class=\"elementor-divider\">\n\t\t\t<span class=\"elementor-divider-separator\">\n\t\t\t\t\t\t<\/span>\n\t\t<\/div>\n\t\t\t\t\t\t<\/div>\n\t\t\t\t<\/div>\n\t\t\t\t\t<\/div>\n\t\t<\/div>\n\t\t\t\t\t<\/div>\n\t\t<\/section>\n\t\t\t\t<section class=\"elementor-section elementor-top-section elementor-element elementor-element-7a3fdaf elementor-section-boxed elementor-section-height-default elementor-section-height-default\" data-id=\"7a3fdaf\" data-element_type=\"section\" data-e-type=\"section\">\n\t\t\t\t\t\t<div class=\"elementor-container elementor-column-gap-default\">\n\t\t\t\t\t<div class=\"elementor-column elementor-col-100 elementor-top-column elementor-element elementor-element-79df390\" data-id=\"79df390\" data-element_type=\"column\" data-e-type=\"column\">\n\t\t\t<div class=\"elementor-widget-wrap elementor-element-populated\">\n\t\t\t\t\t\t<div class=\"elementor-element elementor-element-6fcdb56 animated-slow elementor-invisible elementor-widget elementor-widget-heading\" data-id=\"6fcdb56\" data-element_type=\"widget\" data-e-type=\"widget\" data-settings=\"{&quot;_animation&quot;:&quot;zoomIn&quot;}\" data-widget_type=\"heading.default\">\n\t\t\t\t<div class=\"elementor-widget-container\">\n\t\t\t\t\t<h2 class=\"elementor-heading-title elementor-size-default\">ill\u00f3olajat v\u00e1s\u00e1roln\u00e1l?<\/h2>\t\t\t\t<\/div>\n\t\t\t\t<\/div>\n\t\t\t\t\t<\/div>\n\t\t<\/div>\n\t\t\t\t\t<\/div>\n\t\t<\/section>\n\t\t\t\t<section class=\"elementor-section elementor-top-section elementor-element elementor-element-ed8f3f8 elementor-section-boxed elementor-section-height-default elementor-section-height-default\" data-id=\"ed8f3f8\" data-element_type=\"section\" data-e-type=\"section\">\n\t\t\t\t\t\t<div class=\"elementor-container elementor-column-gap-default\">\n\t\t\t\t\t<div class=\"elementor-column elementor-col-100 elementor-top-column elementor-element elementor-element-29e513b\" data-id=\"29e513b\" data-element_type=\"column\" data-e-type=\"column\">\n\t\t\t<div class=\"elementor-widget-wrap elementor-element-populated\">\n\t\t\t\t\t\t<div class=\"elementor-element elementor-element-6752e07 elementor-widget-divider--view-line elementor-widget elementor-widget-divider\" data-id=\"6752e07\" data-element_type=\"widget\" data-e-type=\"widget\" data-widget_type=\"divider.default\">\n\t\t\t\t<div class=\"elementor-widget-container\">\n\t\t\t\t\t\t\t<div class=\"elementor-divider\">\n\t\t\t<span class=\"elementor-divider-separator\">\n\t\t\t\t\t\t<\/span>\n\t\t<\/div>\n\t\t\t\t\t\t<\/div>\n\t\t\t\t<\/div>\n\t\t\t\t\t<\/div>\n\t\t<\/div>\n\t\t\t\t\t<\/div>\n\t\t<\/section>\n\t\t\t\t<section class=\"elementor-section elementor-top-section elementor-element elementor-element-878a6a2 elementor-section-boxed elementor-section-height-default elementor-section-height-default\" data-id=\"878a6a2\" data-element_type=\"section\" data-e-type=\"section\">\n\t\t\t\t\t\t<div class=\"elementor-container elementor-column-gap-default\">\n\t\t\t\t\t<div class=\"elementor-column elementor-col-100 elementor-top-column elementor-element elementor-element-bdbd84c\" data-id=\"bdbd84c\" data-element_type=\"column\" data-e-type=\"column\">\n\t\t\t<div class=\"elementor-widget-wrap elementor-element-populated\">\n\t\t\t\t\t\t<div class=\"elementor-element elementor-element-0bbac5a elementor-widget__width-initial elementor-widget elementor-widget-heading\" data-id=\"0bbac5a\" data-element_type=\"widget\" data-e-type=\"widget\" data-widget_type=\"heading.default\">\n\t\t\t\t<div class=\"elementor-widget-container\">\n\t\t\t\t\t<h2 class=\"elementor-heading-title elementor-size-default\">V\u00e9gre meghoztad d\u00f6nt\u00e9sed \u00e9s elinduln\u00e1l a saj\u00e1t eg\u00e9szs\u00e9gfejleszt\u00e9sed egyed\u00fcl\u00e1ll\u00f3 arom\u00e1s \u00fatj\u00e1n? \nT\u00f6bb lehet\u0151s\u00e9g k\u00f6z\u00fcl is v\u00e1laszthatsz:<\/h2>\t\t\t\t<\/div>\n\t\t\t\t<\/div>\n\t\t\t\t\t<\/div>\n\t\t<\/div>\n\t\t\t\t\t<\/div>\n\t\t<\/section>\n\t\t\t\t<section class=\"elementor-section elementor-top-section elementor-element elementor-element-1d5b1af elementor-section-boxed elementor-section-height-default elementor-section-height-default\" data-id=\"1d5b1af\" data-element_type=\"section\" data-e-type=\"section\">\n\t\t\t\t\t\t<div class=\"elementor-container elementor-column-gap-default\">\n\t\t\t\t\t<div class=\"elementor-column elementor-col-33 elementor-top-column elementor-element elementor-element-ba3f8fe\" data-id=\"ba3f8fe\" data-element_type=\"column\" data-e-type=\"column\">\n\t\t\t<div class=\"elementor-widget-wrap elementor-element-populated\">\n\t\t\t\t\t\t<div class=\"elementor-element elementor-element-769f8de elementor-invisible elementor-widget elementor-widget-image\" data-id=\"769f8de\" data-element_type=\"widget\" data-e-type=\"widget\" data-settings=\"{&quot;_animation&quot;:&quot;fadeInDown&quot;}\" data-widget_type=\"image.default\">\n\t\t\t\t<div class=\"elementor-widget-container\">\n\t\t\t\t\t\t\t\t\t\t\t\t\t\t\t<img fetchpriority=\"high\" decoding=\"async\" width=\"1536\" height=\"1024\" src=\"https:\/\/annarom.hu\/wp-content\/uploads\/2023\/04\/New-Default-Image-1536x1024.png\" class=\"attachment-1536x1536 size-1536x1536 wp-image-300\" alt=\"\" srcset=\"https:\/\/annarom.hu\/wp-content\/uploads\/2023\/04\/New-Default-Image-1536x1024.png 1536w, https:\/\/annarom.hu\/wp-content\/uploads\/2023\/04\/New-Default-Image-600x400.png 600w, https:\/\/annarom.hu\/wp-content\/uploads\/2023\/04\/New-Default-Image-300x200.png 300w, https:\/\/annarom.hu\/wp-content\/uploads\/2023\/04\/New-Default-Image-1024x683.png 1024w, https:\/\/annarom.hu\/wp-content\/uploads\/2023\/04\/New-Default-Image-768x512.png 768w, https:\/\/annarom.hu\/wp-content\/uploads\/2023\/04\/New-Default-Image.png 1800w\" sizes=\"(max-width: 1536px) 100vw, 1536px\" \/>\t\t\t\t\t\t\t\t\t\t\t\t\t\t\t<\/div>\n\t\t\t\t<\/div>\n\t\t\t\t\t<\/div>\n\t\t<\/div>\n\t\t\t\t<div class=\"elementor-column elementor-col-33 elementor-top-column elementor-element elementor-element-d151bf2\" data-id=\"d151bf2\" data-element_type=\"column\" data-e-type=\"column\">\n\t\t\t<div class=\"elementor-widget-wrap elementor-element-populated\">\n\t\t\t\t\t\t<div class=\"elementor-element elementor-element-ad24f42 elementor-invisible elementor-widget elementor-widget-image\" data-id=\"ad24f42\" data-element_type=\"widget\" data-e-type=\"widget\" data-settings=\"{&quot;_animation&quot;:&quot;fadeInDown&quot;}\" data-widget_type=\"image.default\">\n\t\t\t\t<div class=\"elementor-widget-container\">\n\t\t\t\t\t\t\t\t\t\t\t\t\t\t\t<img decoding=\"async\" width=\"1536\" height=\"864\" src=\"https:\/\/annarom.hu\/wp-content\/uploads\/2023\/04\/olajok-1536x864.jpg\" class=\"attachment-1536x1536 size-1536x1536 wp-image-301\" alt=\"\" srcset=\"https:\/\/annarom.hu\/wp-content\/uploads\/2023\/04\/olajok-1536x864.jpg 1536w, https:\/\/annarom.hu\/wp-content\/uploads\/2023\/04\/olajok-600x338.jpg 600w, https:\/\/annarom.hu\/wp-content\/uploads\/2023\/04\/olajok-300x169.jpg 300w, https:\/\/annarom.hu\/wp-content\/uploads\/2023\/04\/olajok-1024x576.jpg 1024w, https:\/\/annarom.hu\/wp-content\/uploads\/2023\/04\/olajok-768x432.jpg 768w, https:\/\/annarom.hu\/wp-content\/uploads\/2023\/04\/olajok-800x450.jpg 800w, https:\/\/annarom.hu\/wp-content\/uploads\/2023\/04\/olajok.jpg 1600w\" sizes=\"(max-width: 1536px) 100vw, 1536px\" \/>\t\t\t\t\t\t\t\t\t\t\t\t\t\t\t<\/div>\n\t\t\t\t<\/div>\n\t\t\t\t\t<\/div>\n\t\t<\/div>\n\t\t\t\t<div class=\"elementor-column elementor-col-33 elementor-top-column elementor-element elementor-element-701e068\" data-id=\"701e068\" data-element_type=\"column\" data-e-type=\"column\">\n\t\t\t<div class=\"elementor-widget-wrap elementor-element-populated\">\n\t\t\t\t\t\t<div class=\"elementor-element elementor-element-1d7e335 elementor-invisible elementor-widget elementor-widget-image\" data-id=\"1d7e335\" data-element_type=\"widget\" data-e-type=\"widget\" data-settings=\"{&quot;_animation&quot;:&quot;fadeInDown&quot;}\" data-widget_type=\"image.default\">\n\t\t\t\t<div class=\"elementor-widget-container\">\n\t\t\t\t\t\t\t\t\t\t\t\t\t\t\t<img decoding=\"async\" width=\"300\" height=\"300\" src=\"https:\/\/annarom.hu\/wp-content\/uploads\/2023\/04\/81KYPU4S2zL-300x300.jpg\" class=\"attachment-medium size-medium wp-image-302\" alt=\"\" srcset=\"https:\/\/annarom.hu\/wp-content\/uploads\/2023\/04\/81KYPU4S2zL-300x300.jpg 300w, https:\/\/annarom.hu\/wp-content\/uploads\/2023\/04\/81KYPU4S2zL-100x100.jpg 100w, https:\/\/annarom.hu\/wp-content\/uploads\/2023\/04\/81KYPU4S2zL-600x600.jpg 600w, https:\/\/annarom.hu\/wp-content\/uploads\/2023\/04\/81KYPU4S2zL-1024x1024.jpg 1024w, https:\/\/annarom.hu\/wp-content\/uploads\/2023\/04\/81KYPU4S2zL-150x150.jpg 150w, https:\/\/annarom.hu\/wp-content\/uploads\/2023\/04\/81KYPU4S2zL-768x768.jpg 768w, https:\/\/annarom.hu\/wp-content\/uploads\/2023\/04\/81KYPU4S2zL-1536x1536.jpg 1536w, https:\/\/annarom.hu\/wp-content\/uploads\/2023\/04\/81KYPU4S2zL.jpg 2000w\" sizes=\"(max-width: 300px) 100vw, 300px\" \/>\t\t\t\t\t\t\t\t\t\t\t\t\t\t\t<\/div>\n\t\t\t\t<\/div>\n\t\t\t\t\t<\/div>\n\t\t<\/div>\n\t\t\t\t\t<\/div>\n\t\t<\/section>\n\t\t\t\t<section class=\"elementor-section elementor-top-section elementor-element elementor-element-fe003ed elementor-section-boxed elementor-section-height-default elementor-section-height-default\" data-id=\"fe003ed\" data-element_type=\"section\" data-e-type=\"section\">\n\t\t\t\t\t\t<div class=\"elementor-container elementor-column-gap-default\">\n\t\t\t\t\t<div class=\"elementor-column elementor-col-33 elementor-top-column elementor-element elementor-element-7c88f11\" data-id=\"7c88f11\" data-element_type=\"column\" data-e-type=\"column\">\n\t\t\t<div class=\"elementor-widget-wrap elementor-element-populated\">\n\t\t\t\t\t\t<div class=\"elementor-element elementor-element-f9a5587 elementor-invisible elementor-widget elementor-widget-heading\" data-id=\"f9a5587\" data-element_type=\"widget\" data-e-type=\"widget\" data-settings=\"{&quot;_animation&quot;:&quot;fadeInUp&quot;}\" data-widget_type=\"heading.default\">\n\t\t\t\t<div class=\"elementor-widget-container\">\n\t\t\t\t\t<h2 class=\"elementor-heading-title elementor-size-default\"><a href=\"https:\/\/doterra.me\/DYDnIL\">saj\u00e1t doterra fi\u00f3kot szeretn\u00e9k nyitni<\/a><\/h2>\t\t\t\t<\/div>\n\t\t\t\t<\/div>\n\t\t\t\t\t<\/div>\n\t\t<\/div>\n\t\t\t\t<div class=\"elementor-column elementor-col-33 elementor-top-column elementor-element elementor-element-28f4b71\" data-id=\"28f4b71\" data-element_type=\"column\" data-e-type=\"column\">\n\t\t\t<div class=\"elementor-widget-wrap elementor-element-populated\">\n\t\t\t\t\t\t<div class=\"elementor-element elementor-element-def2895 elementor-invisible elementor-widget elementor-widget-heading\" data-id=\"def2895\" data-element_type=\"widget\" data-e-type=\"widget\" data-settings=\"{&quot;_animation&quot;:&quot;fadeInUp&quot;}\" data-widget_type=\"heading.default\">\n\t\t\t\t<div class=\"elementor-widget-container\">\n\t\t\t\t\t<h2 class=\"elementor-heading-title elementor-size-default\"><a href=\"https:\/\/www.mydoterra.com\/annamariavarga\/#\/\">regisztr\u00e1ci\u00f3 n\u00e9lk\u00fcl v\u00e1s\u00e1rolok<\/a><\/h2>\t\t\t\t<\/div>\n\t\t\t\t<\/div>\n\t\t\t\t\t<\/div>\n\t\t<\/div>\n\t\t\t\t<div class=\"elementor-column elementor-col-33 elementor-top-column elementor-element elementor-element-0ef07ba\" data-id=\"0ef07ba\" data-element_type=\"column\" data-e-type=\"column\">\n\t\t\t<div class=\"elementor-widget-wrap elementor-element-populated\">\n\t\t\t\t\t\t<div class=\"elementor-element elementor-element-33b3f0b elementor-invisible elementor-widget elementor-widget-heading\" data-id=\"33b3f0b\" data-element_type=\"widget\" data-e-type=\"widget\" data-settings=\"{&quot;_animation&quot;:&quot;fadeInUp&quot;}\" data-widget_type=\"heading.default\">\n\t\t\t\t<div class=\"elementor-widget-container\">\n\t\t\t\t\t<h2 class=\"elementor-heading-title elementor-size-default\"><a href=\"https:\/\/annarom.hu\/?page_id=269\">pranarom term\u00e9k\u00e9rt ir\u00e1ny a webshop<\/a><\/h2>\t\t\t\t<\/div>\n\t\t\t\t<\/div>\n\t\t\t\t\t<\/div>\n\t\t<\/div>\n\t\t\t\t\t<\/div>\n\t\t<\/section>\n\t\t\t\t<section class=\"elementor-section elementor-top-section elementor-element elementor-element-8ef47ec elementor-section-boxed elementor-section-height-default elementor-section-height-default\" data-id=\"8ef47ec\" data-element_type=\"section\" data-e-type=\"section\">\n\t\t\t\t\t\t<div class=\"elementor-container elementor-column-gap-default\">\n\t\t\t\t\t<div class=\"elementor-column elementor-col-100 elementor-top-column elementor-element elementor-element-725513a\" data-id=\"725513a\" data-element_type=\"column\" data-e-type=\"column\">\n\t\t\t<div class=\"elementor-widget-wrap elementor-element-populated\">\n\t\t\t\t\t\t<div class=\"elementor-element elementor-element-041ace8 elementor-widget elementor-widget-heading\" data-id=\"041ace8\" data-element_type=\"widget\" data-e-type=\"widget\" data-widget_type=\"heading.default\">\n\t\t\t\t<div class=\"elementor-widget-container\">\n\t\t\t\t\t<h2 class=\"elementor-heading-title elementor-size-default\">Mi\u00e9rt \u00e9rdemes saj\u00e1t doterra fi\u00f3kot nyitni?<\/h2>\t\t\t\t<\/div>\n\t\t\t\t<\/div>\n\t\t\t\t\t<\/div>\n\t\t<\/div>\n\t\t\t\t\t<\/div>\n\t\t<\/section>\n\t\t\t\t<section class=\"elementor-section elementor-top-section elementor-element elementor-element-4fd865b elementor-section-boxed elementor-section-height-default elementor-section-height-default\" data-id=\"4fd865b\" data-element_type=\"section\" data-e-type=\"section\">\n\t\t\t\t\t\t<div class=\"elementor-container elementor-column-gap-default\">\n\t\t\t\t\t<div class=\"elementor-column elementor-col-100 elementor-top-column elementor-element elementor-element-c83d152\" data-id=\"c83d152\" data-element_type=\"column\" data-e-type=\"column\">\n\t\t\t<div class=\"elementor-widget-wrap elementor-element-populated\">\n\t\t\t\t\t\t<div class=\"elementor-element elementor-element-268f089 elementor-widget__width-initial elementor-widget elementor-widget-heading\" data-id=\"268f089\" data-element_type=\"widget\" data-e-type=\"widget\" data-widget_type=\"heading.default\">\n\t\t\t\t<div class=\"elementor-widget-container\">\n\t\t\t\t\t<h2 class=\"elementor-heading-title elementor-size-default\">Ez az elk\u00f6telez\u0151d\u00e9s nem j\u00e1r sz\u00e1modra k\u00e9nyelmetlens\u00e9ggel.\nEl\u0151ny\u00f6ket azonban tartalmaz. Otthonod k\u00e9nyelm\u00e9b\u0151l rendelheted meg a sz\u00e1modra megfelel\u0151 alkalommal a magas ter\u00e1pi\u00e1s min\u0151s\u00e9g\u0171 ill\u00f3olajokat \u00e9s term\u00e9keket, melyeket m\u00e1r a regisztr\u00e1ci\u00f3d alkalm\u00e1val 25% kedvezm\u00e9nnyel kapsz meg.<br>Amennyiben h\u0171s\u00e9gprogramunkban (LRP program) is \u00e9rdekelt vagy, \u00fagy v\u00e1s\u00e1rl\u00e1said sor\u00e1n h\u0171s\u00e9gpontokat \u00edrnak neked j\u00f3v\u00e1, melyeket lev\u00e1s\u00e1rolhatsz \u00e9s havi prom\u00f3ci\u00f3kra leszel jogosult.<br>Amennyiben k\u00e9rd\u00e9seid vannak a t\u00e9m\u00e1val kapcsolatban, vagy elakadn\u00e1l a regisztr\u00e1ci\u00f3 sor\u00e1n, fordulj hozz\u00e1m bizalommal.<\/h2>\t\t\t\t<\/div>\n\t\t\t\t<\/div>\n\t\t\t\t\t<\/div>\n\t\t<\/div>\n\t\t\t\t\t<\/div>\n\t\t<\/section>\n\t\t\t\t<\/div>\n\t\t","protected":false},"excerpt":{"rendered":"<p>Annarom Eg\u00e9szs\u00e9gfejleszt\u00e9s egyszer\u0171en ill\u00f3olajat v\u00e1s\u00e1roln\u00e1l? V\u00e9gre meghoztad d\u00f6nt\u00e9sed \u00e9s elinduln\u00e1l a saj\u00e1t eg\u00e9szs\u00e9gfejleszt\u00e9sed egyed\u00fcl\u00e1ll\u00f3 arom\u00e1s \u00fatj\u00e1n? T\u00f6bb lehet\u0151s\u00e9g k\u00f6z\u00fcl is v\u00e1laszthatsz: saj\u00e1t doterra fi\u00f3kot szeretn\u00e9k nyitni regisztr\u00e1ci\u00f3 n\u00e9lk\u00fcl v\u00e1s\u00e1rolok pranarom term\u00e9k\u00e9rt ir\u00e1ny a webshop Mi\u00e9rt \u00e9rdemes saj\u00e1t doterra fi\u00f3kot nyitni? Ez az elk\u00f6telez\u0151d\u00e9s nem j\u00e1r sz\u00e1modra k\u00e9nyelmetlens\u00e9ggel. El\u0151ny\u00f6ket azonban tartalmaz. Otthonod k\u00e9nyelm\u00e9b\u0151l rendelheted meg a [&hellip;]<\/p>\n","protected":false},"author":1,"featured_media":0,"parent":0,"menu_order":0,"comment_status":"closed","ping_status":"closed","template":"","meta":{"ocean_post_layout":"full-screen","ocean_both_sidebars_style":"","ocean_both_sidebars_content_width":0,"ocean_both_sidebars_sidebars_width":0,"ocean_sidebar":"0","ocean_second_sidebar":"0","ocean_disable_margins":"enable","ocean_add_body_class":"","ocean_shortcode_before_top_bar":"","ocean_shortcode_after_top_bar":"","ocean_shortcode_before_header":"","ocean_shortcode_after_header":"","ocean_has_shortcode":"","ocean_shortcode_after_title":"","ocean_shortcode_before_footer_widgets":"","ocean_shortcode_after_footer_widgets":"","ocean_shortcode_before_footer_bottom":"","ocean_shortcode_after_footer_bottom":"","ocean_display_top_bar":"off","ocean_display_header":"default","ocean_header_style":"top","ocean_center_header_left_menu":"0","ocean_custom_header_template":"0","ocean_custom_logo":0,"ocean_custom_retina_logo":0,"ocean_custom_logo_max_width":0,"ocean_custom_logo_tablet_max_width":0,"ocean_custom_logo_mobile_max_width":0,"ocean_custom_logo_max_height":0,"ocean_custom_logo_tablet_max_height":0,"ocean_custom_logo_mobile_max_height":0,"ocean_header_custom_menu":"2","ocean_menu_typo_font_family":"Gabriela","ocean_menu_typo_font_subset":"","ocean_menu_typo_font_size":0,"ocean_menu_typo_font_size_tablet":0,"ocean_menu_typo_font_size_mobile":0,"ocean_menu_typo_font_size_unit":"px","ocean_menu_typo_font_weight":"","ocean_menu_typo_font_weight_tablet":"","ocean_menu_typo_font_weight_mobile":"","ocean_menu_typo_transform":"","ocean_menu_typo_transform_tablet":"","ocean_menu_typo_transform_mobile":"","ocean_menu_typo_line_height":0,"ocean_menu_typo_line_height_tablet":0,"ocean_menu_typo_line_height_mobile":0,"ocean_menu_typo_line_height_unit":"","ocean_menu_typo_spacing":0,"ocean_menu_typo_spacing_tablet":0,"ocean_menu_typo_spacing_mobile":0,"ocean_menu_typo_spacing_unit":"","ocean_menu_link_color":"","ocean_menu_link_color_hover":"","ocean_menu_link_color_active":"","ocean_menu_link_background":"","ocean_menu_link_hover_background":"#dbabdb","ocean_menu_link_active_background":"#ba68b4","ocean_menu_social_links_bg":"","ocean_menu_social_hover_links_bg":"","ocean_menu_social_links_color":"","ocean_menu_social_hover_links_color":"","ocean_disable_title":"on","ocean_disable_heading":"default","ocean_post_title":"","ocean_post_subheading":"","ocean_post_title_style":"","ocean_post_title_background_color":"","ocean_post_title_background":0,"ocean_post_title_bg_image_position":"","ocean_post_title_bg_image_attachment":"","ocean_post_title_bg_image_repeat":"","ocean_post_title_bg_image_size":"","ocean_post_title_height":0,"ocean_post_title_bg_overlay":0.5,"ocean_post_title_bg_overlay_color":"","ocean_disable_breadcrumbs":"default","ocean_breadcrumbs_color":"","ocean_breadcrumbs_separator_color":"","ocean_breadcrumbs_links_color":"","ocean_breadcrumbs_links_hover_color":"","ocean_display_footer_widgets":"default","ocean_display_footer_bottom":"default","ocean_custom_footer_template":"0","footnotes":""},"class_list":["post-294","page","type-page","status-publish","hentry","entry","owp-thumbs-layout-horizontal","owp-btn-normal","owp-tabs-layout-horizontal","has-no-thumbnails","has-product-nav"],"_links":{"self":[{"href":"https:\/\/annarom.hu\/index.php?rest_route=\/wp\/v2\/pages\/294","targetHints":{"allow":["GET"]}}],"collection":[{"href":"https:\/\/annarom.hu\/index.php?rest_route=\/wp\/v2\/pages"}],"about":[{"href":"https:\/\/annarom.hu\/index.php?rest_route=\/wp\/v2\/types\/page"}],"author":[{"embeddable":true,"href":"https:\/\/annarom.hu\/index.php?rest_route=\/wp\/v2\/users\/1"}],"replies":[{"embeddable":true,"href":"https:\/\/annarom.hu\/index.php?rest_route=%2Fwp%2Fv2%2Fcomments&post=294"}],"version-history":[{"count":76,"href":"https:\/\/annarom.hu\/index.php?rest_route=\/wp\/v2\/pages\/294\/revisions"}],"predecessor-version":[{"id":913,"href":"https:\/\/annarom.hu\/index.php?rest_route=\/wp\/v2\/pages\/294\/revisions\/913"}],"wp:attachment":[{"href":"https:\/\/annarom.hu\/index.php?rest_route=%2Fwp%2Fv2%2Fmedia&parent=294"}],"curies":[{"name":"wp","href":"https:\/\/api.w.org\/{rel}","templated":true}]}}