{"id":720,"date":"2023-05-29T14:37:09","date_gmt":"2023-05-29T12:37:09","guid":{"rendered":"https:\/\/annarom.hu\/?product=hoodie-with-logo-2"},"modified":"2024-07-10T16:02:44","modified_gmt":"2024-07-10T14:02:44","slug":"hoodie-with-logo-2","status":"publish","type":"product","link":"https:\/\/annarom.hu\/?product=hoodie-with-logo-2","title":{"rendered":"PRANADRAINE NATURAL DETOX"},"content":{"rendered":"<p><strong>Mi\u00e9rt a Natural Detox?<\/strong><\/p>\n<ul>\n<li>Term\u00e9szetes m\u00f3don szeretn\u00e9d m\u00e9regtelen\u00edteni a szervezetedet<\/li>\n<li>Karcs\u00fabb testalkatra v\u00e1gysz<\/li>\n<li>Energi\u00e1ra \u00e9s vitalit\u00e1sra van sz\u00fcks\u00e9ged az \u00e9vszakv\u00e1lt\u00e1sok idej\u00e9n<\/li>\n<li>Fogy\u00f3k\u00fara sor\u00e1n kieg\u00e9sz\u00edt\u00e9sk\u00e9nt akarod fogyasztani<\/li>\n<\/ul>\n<p><strong>Mi\u00e9rt v\u00e1laszd ezt a term\u00e9ket?<\/strong><\/p>\n<ul>\n<li>Rozmaring ill\u00f3olajat tartalmaz, mely seg\u00edt a tiszt\u00edt\u00e1sban, m\u00e9regtelen\u00edt\u00e9sben, a m\u00e1j \u00e9s epe\u00a0 m\u00e9reganyagainak kivezet\u00e9s\u00e9ben, valamint citrom ill\u00f3olajat a m\u00e1j eg\u00e9szs\u00e9g\u00e9\u00e9rt<\/li>\n<\/ul>\n<p><strong>Mikor haszn\u00e1ld?<\/strong><\/p>\n<ul>\n<li>Term\u00e9szetes m\u00f3don szeretn\u00e9d m\u00e9regtelen\u00edteni a szervezetedet<\/li>\n<li>Karcs\u00fabb testalkatra v\u00e1gysz<\/li>\n<li>Energi\u00e1ra \u00e9s vitalit\u00e1sra van sz\u00fcks\u00e9ged az \u00e9vszakv\u00e1lt\u00e1sok idej\u00e9n<\/li>\n<li>Fogy\u00f3k\u00fara sor\u00e1n kieg\u00e9sz\u00edt\u00e9sk\u00e9nt akarod fogyasztani<\/li>\n<\/ul>\n<p><strong>Mi\u00e9rt v\u00e1laszd ezt a term\u00e9ket?<\/strong><\/p>\n<ul>\n<li>Rozmaring ill\u00f3olajat tartalmaz, mely seg\u00edt a tiszt\u00edt\u00e1sban, m\u00e9regtelen\u00edt\u00e9sben, a m\u00e1j \u00e9s epe\u00a0 m\u00e9reganyagainak kivezet\u00e9s\u00e9ben, valamint citrom ill\u00f3olajat a m\u00e1j eg\u00e9szs\u00e9g\u00e9\u00e9rt<\/li>\n<\/ul>\n<p><strong>Haszn\u00e1lata:<\/strong><\/p>\n<p>Haszn\u00e1lat el\u0151tt r\u00e1zd fel!<br \/>\n<span class=\"Y2IQFc\" lang=\"hu\">Minden reggel \u00e9hgyomorra fogyasszd!<br \/>\n<\/span><span class=\"Y2IQFc\" lang=\"hu\">\u00d6nts 25 ml-t a m\u00e9r\u0151poh\u00e1rba!<br \/>\n<\/span><span class=\"Y2IQFc\" lang=\"hu\">Tiszt\u00e1n fogyaszthatod vagy h\u00edg\u00edtsd fel \u00bd poh\u00e1r v\u00edzben vagy gy\u00fcm\u00f6lcsl\u00e9ben.<br \/>\n<\/span>Tarts 20 napos k\u00far\u00e1t!<br \/>\n<span class=\"Y2IQFc\" lang=\"hu\">Felbont\u00e1s ut\u00e1n 30 napon bel\u00fcl fogyasszd el!<\/span><\/p>\n<p dir=\"ltr\" data-placeholder=\"Ford\u00edt\u00e1s\"><strong>\u00d6SSZETEV\u0150K:<\/strong><\/p>\n<div id=\"tw-target-rmn-container\" class=\"tw-target-rmn tw-ta-container F0azHf tw-nfl\">\n<p id=\"tw-target-rmn\" class=\"tw-data-placeholder tw-text-small tw-ta\" dir=\"ltr\">100%-os tisztas\u00e1g\u00fa \u00e9s term\u00e9szetes ill\u00f3olajokkal: rozmaring, citrom, borsmenta, bor\u00f3ka, orvosi lesty\u00e1n, csillag\u00e1nizs<\/p>\n<\/div>\n<div class=\"iYB33c\">\n<div class=\"dlJLJe\">\n<div data-cviv=\"false\" data-ved=\"2ahUKEwiBufz6pJv2AhUBwKQKHQQMD8UQz_AEegQIAhAP\">\n<div class=\"U9URNb\">+ v\u00edz, alma kivonat, glicerin, fekete ribizli, artics\u00f3ka, gyermekl\u00e1ncf\u0171, m\u00e1riat\u00f6vis kivonat, z\u00f6ld tea kivonat, sz\u0151l\u0151mag kivonat, antioxid\u00e1nsok<\/div>\n<div>\n<table width=\"471\">\n<tbody>\n<tr>\n<td width=\"259\">\u00d6sszetev\u0151k<\/td>\n<td width=\"88\">\u00a0100 ml-ben<\/td>\n<td width=\"124\">25 ml-ben<\/td>\n<\/tr>\n<tr>\n<td>Energia \u00e9rt\u00e9k<\/td>\n<td>223KJ\/53 Kcal<\/td>\n<td>55,75 KJ\/ 13,25 Kcal<\/td>\n<\/tr>\n<tr>\n<td>Zs\u00edrok<\/td>\n<td>0,20 g<\/td>\n<td>0,05 g<\/td>\n<\/tr>\n<tr>\n<td>Ebb\u0151l tel\u00edtett zs\u00edrok<\/td>\n<td>0 g<\/td>\n<td>0 g<\/td>\n<\/tr>\n<tr>\n<td>Sz\u00e9nhidr\u00e1tok<\/td>\n<td>12,6 g<\/td>\n<td>3,15 g<\/td>\n<\/tr>\n<tr>\n<td>Ebb\u0151l cukrok<\/td>\n<td>12,6 g<\/td>\n<td>3,15 g<\/td>\n<\/tr>\n<tr>\n<td>Rostok<\/td>\n<td>0,1 g<\/td>\n<td>0,025 g<\/td>\n<\/tr>\n<tr>\n<td>Feh\u00e9rje<\/td>\n<td>0,16 g<\/td>\n<td>0,04 g<\/td>\n<\/tr>\n<tr>\n<td>S\u00f3<\/td>\n<td>0 g<\/td>\n<td>0 g<\/td>\n<\/tr>\n<tr>\n<td>Alma kivonat<\/td>\n<td><\/td>\n<td>6,75 ml<\/td>\n<\/tr>\n<tr>\n<td>Fekete ribizli kivonat<\/td>\n<td><\/td>\n<td>0,75 ml<\/td>\n<\/tr>\n<tr>\n<td>Artics\u00f3ka kivonat<\/td>\n<td><\/td>\n<td>0,15 ml<\/td>\n<\/tr>\n<tr>\n<td>Rozmaring kivonat (Rosmarinus officinalis)<\/td>\n<td><\/td>\n<td>0,1 ml<\/td>\n<\/tr>\n<tr>\n<td>Bor\u00f3ka kivonat (Juniperus communis)<\/td>\n<td><\/td>\n<td>0,1 ml<\/td>\n<\/tr>\n<tr>\n<td>Sz\u0151l\u0151mag kivonat<\/td>\n<td><\/td>\n<td>0,05 g<\/td>\n<\/tr>\n<tr>\n<td>Z\u00f6ld tea kivonat<\/td>\n<td><\/td>\n<td>0,0325 g<\/td>\n<\/tr>\n<tr>\n<td>Citrom ill\u00f3olaj (Citrus limonum)<\/td>\n<td><\/td>\n<td>0,025 ml<\/td>\n<\/tr>\n<tr>\n<td>Borsmenta ill\u00f3olaj (Mentha piperita)<\/td>\n<td><\/td>\n<td>0,01 ml<\/td>\n<\/tr>\n<tr>\n<td>Rozmaring ill\u00f3olaj (Rosmarinus officinalis)<\/td>\n<td><\/td>\n<td>0,005 ml<\/td>\n<\/tr>\n<tr>\n<td>Csillag\u00e1nizs ill\u00f3olaj (Anis anathol)<\/td>\n<td><\/td>\n<td>0,005 ml<\/td>\n<\/tr>\n<tr>\n<td>Orvosi lesty\u00e1n ill\u00f3olaj<\/td>\n<td><\/td>\n<td>0,005 ml<\/td>\n<\/tr>\n<\/tbody>\n<\/table>\n<\/div>\n<\/div>\n<\/div>\n<\/div>\n<p><strong>FIGYELMEZTET\u00c9SEK:<\/strong><\/p>\n<div id=\"kAz1tf\" class=\"g9WsWb\">\n<div id=\"tw-target-text-container\" class=\"tw-ta-container F0azHf tw-nfl\">\n<p id=\"tw-target-text\" class=\"tw-data-text tw-text-large tw-ta\" dir=\"ltr\" data-placeholder=\"Ford\u00edt\u00e1s\"><span class=\"Y2IQFc\" lang=\"hu\">Ne alkalmazza v\u00e1rand\u00f3ss\u00e1g \u00e9s szoptat\u00e1s alatt vagy 6 \u00e9v alatti gyermekekn\u00e9l.<\/span><\/p>\n<p class=\"tw-data-text tw-text-large tw-ta\" dir=\"ltr\" data-placeholder=\"Ford\u00edt\u00e1s\"><span class=\"Y2IQFc\" lang=\"hu\">Nem helyettes\u00edti a v\u00e1ltozatos \u00e9s kiegyens\u00falyozott \u00e9trendet \u00e9s az eg\u00e9szs\u00e9ges \u00e9letm\u00f3dot.<\/span><\/p>\n<p class=\"tw-data-text tw-text-large tw-ta\" dir=\"ltr\" data-placeholder=\"Ford\u00edt\u00e1s\"><span class=\"Y2IQFc\" lang=\"hu\">Ne l\u00e9pje t\u00fal az aj\u00e1nlott adagot!<\/span><\/p>\n<p class=\"tw-data-text tw-text-large tw-ta\" dir=\"ltr\" data-placeholder=\"Ford\u00edt\u00e1s\"><span class=\"Y2IQFc\" lang=\"hu\">Kisgyermekek el\u0151l elz\u00e1rva tartand\u00f3.<\/span><\/p>\n<p class=\"tw-data-text tw-text-large tw-ta\" dir=\"ltr\" data-placeholder=\"Ford\u00edt\u00e1s\"><span class=\"Y2IQFc\" lang=\"hu\">H\u0171v\u00f6s helyen, f\u00e9nyt\u0151l \u00e9s h\u0151t\u0151l t\u00e1vol t\u00e1roland\u00f3.<\/span><\/p>\n<p class=\"tw-data-text tw-text-large tw-ta\" dir=\"ltr\" data-placeholder=\"Ford\u00edt\u00e1s\"><span class=\"Y2IQFc\" lang=\"hu\">Term\u00e9szetes gy\u00fcm\u00f6lcslevek felhaszn\u00e1l\u00e1s\u00e1val k\u00e9sz\u00fclt, mely miatt a term\u00e9kben le\u00fcleped\u00e9s alakulhat ki, ami semmilyen m\u00f3don nem befoly\u00e1solja a min\u0151s\u00e9g\u00e9t.<\/span><\/p>\n<p class=\"tw-data-text tw-text-large tw-ta\" dir=\"ltr\" data-placeholder=\"Ford\u00edt\u00e1s\"><span class=\"Y2IQFc\" lang=\"hu\">K\u00e9rjen tan\u00e1csot eg\u00e9szs\u00e9g\u00fcgyi szakembert\u0151l, ha sz\u00fcks\u00e9ges!<\/span><\/p>\n<p><em>\u00c9trend-kieg\u00e9sz\u00edt\u0151 k\u00e9sz\u00edtm\u00e9ny, OGY\u00c9I notifik\u00e1ci\u00f3s sz\u00e1m: 28581\/2022<\/em><\/p>\n<p><strong>Kiszerel\u00e9s: 500 ml<\/strong><\/p>\n<\/div>\n<\/div>\n","protected":false},"excerpt":{"rendered":"<p>Mi\u00e9rt a Natural Detox? Term\u00e9szetes m\u00f3don szeretn\u00e9d m\u00e9regtelen\u00edteni a szervezetedet Karcs\u00fabb testalkatra v\u00e1gysz Energi\u00e1ra \u00e9s vitalit\u00e1sra van sz\u00fcks\u00e9ged az \u00e9vszakv\u00e1lt\u00e1sok idej\u00e9n Fogy\u00f3k\u00fara sor\u00e1n kieg\u00e9sz\u00edt\u00e9sk\u00e9nt akarod fogyasztani Mi\u00e9rt v\u00e1laszd ezt a term\u00e9ket? Rozmaring ill\u00f3olajat tartalmaz, mely seg\u00edt a tiszt\u00edt\u00e1sban, m\u00e9regtelen\u00edt\u00e9sben, a m\u00e1j \u00e9s epe\u00a0 m\u00e9reganyagainak kivezet\u00e9s\u00e9ben, valamint citrom ill\u00f3olajat a m\u00e1j eg\u00e9szs\u00e9g\u00e9\u00e9rt Mikor haszn\u00e1ld? Term\u00e9szetes m\u00f3don [&hellip;]<\/p>\n","protected":false},"featured_media":721,"template":"","meta":{"ocean_post_layout":"","ocean_both_sidebars_style":"","ocean_both_sidebars_content_width":0,"ocean_both_sidebars_sidebars_width":0,"ocean_sidebar":"0","ocean_second_sidebar":"0","ocean_disable_margins":"enable","ocean_add_body_class":"","ocean_shortcode_before_top_bar":"","ocean_shortcode_after_top_bar":"","ocean_shortcode_before_header":"","ocean_shortcode_after_header":"","ocean_has_shortcode":"","ocean_shortcode_after_title":"","ocean_shortcode_before_footer_widgets":"","ocean_shortcode_after_footer_widgets":"","ocean_shortcode_before_footer_bottom":"","ocean_shortcode_after_footer_bottom":"","ocean_display_top_bar":"default","ocean_display_header":"default","ocean_header_style":"","ocean_center_header_left_menu":"0","ocean_custom_header_template":"0","ocean_custom_logo":0,"ocean_custom_retina_logo":0,"ocean_custom_logo_max_width":0,"ocean_custom_logo_tablet_max_width":0,"ocean_custom_logo_mobile_max_width":0,"ocean_custom_logo_max_height":0,"ocean_custom_logo_tablet_max_height":0,"ocean_custom_logo_mobile_max_height":0,"ocean_header_custom_menu":"0","ocean_menu_typo_font_family":"0","ocean_menu_typo_font_subset":"","ocean_menu_typo_font_size":0,"ocean_menu_typo_font_size_tablet":0,"ocean_menu_typo_font_size_mobile":0,"ocean_menu_typo_font_size_unit":"px","ocean_menu_typo_font_weight":"","ocean_menu_typo_font_weight_tablet":"","ocean_menu_typo_font_weight_mobile":"","ocean_menu_typo_transform":"","ocean_menu_typo_transform_tablet":"","ocean_menu_typo_transform_mobile":"","ocean_menu_typo_line_height":0,"ocean_menu_typo_line_height_tablet":0,"ocean_menu_typo_line_height_mobile":0,"ocean_menu_typo_line_height_unit":"","ocean_menu_typo_spacing":0,"ocean_menu_typo_spacing_tablet":0,"ocean_menu_typo_spacing_mobile":0,"ocean_menu_typo_spacing_unit":"","ocean_menu_link_color":"","ocean_menu_link_color_hover":"","ocean_menu_link_color_active":"","ocean_menu_link_background":"","ocean_menu_link_hover_background":"","ocean_menu_link_active_background":"","ocean_menu_social_links_bg":"","ocean_menu_social_hover_links_bg":"","ocean_menu_social_links_color":"","ocean_menu_social_hover_links_color":"","ocean_disable_title":"default","ocean_disable_heading":"default","ocean_post_title":"","ocean_post_subheading":"","ocean_post_title_style":"","ocean_post_title_background_color":"","ocean_post_title_background":0,"ocean_post_title_bg_image_position":"","ocean_post_title_bg_image_attachment":"","ocean_post_title_bg_image_repeat":"","ocean_post_title_bg_image_size":"","ocean_post_title_height":0,"ocean_post_title_bg_overlay":0.5,"ocean_post_title_bg_overlay_color":"","ocean_disable_breadcrumbs":"default","ocean_breadcrumbs_color":"","ocean_breadcrumbs_separator_color":"","ocean_breadcrumbs_links_color":"","ocean_breadcrumbs_links_hover_color":"","ocean_display_footer_widgets":"default","ocean_display_footer_bottom":"default","ocean_custom_footer_template":"0"},"product_cat":[52],"product_tag":[24,25,26,23],"class_list":{"0":"post-720","1":"product","2":"type-product","3":"status-publish","4":"has-post-thumbnail","6":"product_cat-taplalekkiegeszitok","7":"product_tag-detox","8":"product_tag-fogyas","9":"product_tag-majtisztitas","10":"product_tag-meregtelenites","12":"entry","13":"has-media","15":"first","16":"onbackorder","17":"shipping-taxable","18":"purchasable","19":"product-type-simple","20":"has-product-nav","21":"col","22":"span_1_of_3","23":"owp-content-center","24":"owp-thumbs-layout-horizontal","25":"owp-btn-normal","26":"owp-tabs-layout-horizontal","27":"has-no-thumbnails"},"_links":{"self":[{"href":"https:\/\/annarom.hu\/index.php?rest_route=\/wp\/v2\/product\/720","targetHints":{"allow":["GET"]}}],"collection":[{"href":"https:\/\/annarom.hu\/index.php?rest_route=\/wp\/v2\/product"}],"about":[{"href":"https:\/\/annarom.hu\/index.php?rest_route=\/wp\/v2\/types\/product"}],"wp:featuredmedia":[{"embeddable":true,"href":"https:\/\/annarom.hu\/index.php?rest_route=\/wp\/v2\/media\/721"}],"wp:attachment":[{"href":"https:\/\/annarom.hu\/index.php?rest_route=%2Fwp%2Fv2%2Fmedia&parent=720"}],"wp:term":[{"taxonomy":"product_cat","embeddable":true,"href":"https:\/\/annarom.hu\/index.php?rest_route=%2Fwp%2Fv2%2Fproduct_cat&post=720"},{"taxonomy":"product_tag","embeddable":true,"href":"https:\/\/annarom.hu\/index.php?rest_route=%2Fwp%2Fv2%2Fproduct_tag&post=720"}],"curies":[{"name":"wp","href":"https:\/\/api.w.org\/{rel}","templated":true}]}}