{"id":726,"date":"2023-05-29T15:09:04","date_gmt":"2023-05-29T13:09:04","guid":{"rendered":"https:\/\/annarom.hu\/?post_type=product&#038;p=726"},"modified":"2025-08-14T18:05:33","modified_gmt":"2025-08-14T16:05:33","slug":"pranabb-bio-popsikrem","status":"publish","type":"product","link":"https:\/\/annarom.hu\/?product=pranabb-bio-popsikrem","title":{"rendered":"PRANABB BIO POPSIKR\u00c9M"},"content":{"rendered":"<p>PRANABB bio popsikr\u00e9m pelenka okozta ki\u00fct\u00e9sek, kipirosod\u00e1s ellen<\/p>\n<div class=\"mikor-hasznald\">\n<p><strong>Mikor haszn\u00e1ld?<\/strong><\/p>\n<ul>\n<li>Meg akarod v\u00e9deni a bab\u00e1d popsij\u00e1t, megel\u0151zni a kipirosod\u00e1st<\/li>\n<li>Enyh\u00edteni akarod a kellemetlen \u00e9rzetet \u00e9s t\u00e1mogatni akarod bab\u00e1d b\u0151r\u00e9nek term\u00e9szetes regener\u00e1l\u00f3d\u00e1s\u00e1t<\/li>\n<\/ul>\n<\/div>\n<div class=\"tulajdonsagok-es-elonyok\">\n<p><strong>Mi\u00e9rt v\u00e1laszd ezt a term\u00e9ket?<\/strong><\/p>\n<ul>\n<li>A n\u00f6v\u00e9nyi olajok, az ill\u00f3olajok, a cink-oxid \u00e9s a kukorica kem\u00e9ny\u00edt\u0151 nedvsz\u00edv\u00f3 \u00e9s finom v\u00edztasz\u00edt\u00f3 r\u00e9teget k\u00e9peznek<\/li>\n<li>N\u00e9lk\u00fcl\u00f6zhetetlen a bab\u00e1d \u00e1pol\u00e1s\u00e1ban<\/li>\n<li>BIO, ORGANIKUS \u00e9s VEGAN<\/li>\n<li>Fontos neked, hogy 100%-ban term\u00e9szetes \u00f6sszetev\u0151ket tartalmaz\u00f3 k\u00e9sz\u00edtm\u00e9nyeket haszn\u00e1lj<\/li>\n<\/ul>\n<p><strong>HASZN\u00c1LATA:<\/strong><\/p>\n<p>Alkalmazz egy eg\u00e9szen kev\u00e9s adag balzsamot naponta maximum nyolcszor tiszta \u00e9s sz\u00e1raz b\u0151r\u00f6n.<br \/>\n3 kg tests\u00falyt\u00f3l haszn\u00e1lhat\u00f3.<\/p>\n<p><strong>FIGYELMEZTET\u00c9S:<\/strong><\/p>\n<p>Tart\u00f3s s\u00e9r\u00fcl\u00e9sek eset\u00e9n fordulj orvoshoz. Ker\u00fcld a szembe, orrba, sz\u00e1jba jut\u00e1st.<br \/>\nNe alkalmazd 3 kg alatti gyermekekn\u00e9l.<br \/>\nN\u00e9h\u00e1ny ill\u00f3olaj allergiz\u00e1lhat: mindig v\u00e9gezz b\u0151rpr\u00f3b\u00e1t a k\u00f6ny\u00f6khajlatban.<br \/>\nAllergi\u00e1s reakci\u00f3 jelein\u00e9l hagyd abba az alkalmaz\u00e1st.<br \/>\nEllenjavallt olyan gyermekekn\u00e9l, akiknek l\u00e1zg\u00f6rcse volt.<br \/>\nTartsd t\u00e1vol h\u0151- \u00e9s f\u00e9nyforr\u00e1sokt\u00f3l.<br \/>\nTartsd t\u00e1vol a kisgyermekekt\u0151l.<br \/>\nHaszn\u00e1lat ut\u00e1n j\u00f3l csukd be a tubust!<br \/>\nKiz\u00e1r\u00f3lag k\u00fcls\u0151 haszn\u00e1latra.<\/p>\n<\/div>\n","protected":false},"excerpt":{"rendered":"<p>PRANABB bio popsikr\u00e9m pelenka okozta ki\u00fct\u00e9sek, kipirosod\u00e1s ellen Mikor haszn\u00e1ld? Meg akarod v\u00e9deni a bab\u00e1d popsij\u00e1t, megel\u0151zni a kipirosod\u00e1st Enyh\u00edteni akarod a kellemetlen \u00e9rzetet \u00e9s t\u00e1mogatni akarod bab\u00e1d b\u0151r\u00e9nek term\u00e9szetes regener\u00e1l\u00f3d\u00e1s\u00e1t Mi\u00e9rt v\u00e1laszd ezt a term\u00e9ket? A n\u00f6v\u00e9nyi olajok, az ill\u00f3olajok, a cink-oxid \u00e9s a kukorica kem\u00e9ny\u00edt\u0151 nedvsz\u00edv\u00f3 \u00e9s finom v\u00edztasz\u00edt\u00f3 r\u00e9teget k\u00e9peznek N\u00e9lk\u00fcl\u00f6zhetetlen a [&hellip;]<\/p>\n","protected":false},"featured_media":727,"template":"","meta":{"ocean_post_layout":"","ocean_both_sidebars_style":"","ocean_both_sidebars_content_width":0,"ocean_both_sidebars_sidebars_width":0,"ocean_sidebar":"0","ocean_second_sidebar":"0","ocean_disable_margins":"enable","ocean_add_body_class":"","ocean_shortcode_before_top_bar":"","ocean_shortcode_after_top_bar":"","ocean_shortcode_before_header":"","ocean_shortcode_after_header":"","ocean_has_shortcode":"","ocean_shortcode_after_title":"","ocean_shortcode_before_footer_widgets":"","ocean_shortcode_after_footer_widgets":"","ocean_shortcode_before_footer_bottom":"","ocean_shortcode_after_footer_bottom":"","ocean_display_top_bar":"default","ocean_display_header":"default","ocean_header_style":"","ocean_center_header_left_menu":"0","ocean_custom_header_template":"0","ocean_custom_logo":0,"ocean_custom_retina_logo":0,"ocean_custom_logo_max_width":0,"ocean_custom_logo_tablet_max_width":0,"ocean_custom_logo_mobile_max_width":0,"ocean_custom_logo_max_height":0,"ocean_custom_logo_tablet_max_height":0,"ocean_custom_logo_mobile_max_height":0,"ocean_header_custom_menu":"0","ocean_menu_typo_font_family":"0","ocean_menu_typo_font_subset":"","ocean_menu_typo_font_size":0,"ocean_menu_typo_font_size_tablet":0,"ocean_menu_typo_font_size_mobile":0,"ocean_menu_typo_font_size_unit":"px","ocean_menu_typo_font_weight":"","ocean_menu_typo_font_weight_tablet":"","ocean_menu_typo_font_weight_mobile":"","ocean_menu_typo_transform":"","ocean_menu_typo_transform_tablet":"","ocean_menu_typo_transform_mobile":"","ocean_menu_typo_line_height":0,"ocean_menu_typo_line_height_tablet":0,"ocean_menu_typo_line_height_mobile":0,"ocean_menu_typo_line_height_unit":"","ocean_menu_typo_spacing":0,"ocean_menu_typo_spacing_tablet":0,"ocean_menu_typo_spacing_mobile":0,"ocean_menu_typo_spacing_unit":"","ocean_menu_link_color":"","ocean_menu_link_color_hover":"","ocean_menu_link_color_active":"","ocean_menu_link_background":"","ocean_menu_link_hover_background":"","ocean_menu_link_active_background":"","ocean_menu_social_links_bg":"","ocean_menu_social_hover_links_bg":"","ocean_menu_social_links_color":"","ocean_menu_social_hover_links_color":"","ocean_disable_title":"default","ocean_disable_heading":"default","ocean_post_title":"","ocean_post_subheading":"","ocean_post_title_style":"","ocean_post_title_background_color":"","ocean_post_title_background":0,"ocean_post_title_bg_image_position":"","ocean_post_title_bg_image_attachment":"","ocean_post_title_bg_image_repeat":"","ocean_post_title_bg_image_size":"","ocean_post_title_height":0,"ocean_post_title_bg_overlay":0.5,"ocean_post_title_bg_overlay_color":"","ocean_disable_breadcrumbs":"default","ocean_breadcrumbs_color":"","ocean_breadcrumbs_separator_color":"","ocean_breadcrumbs_links_color":"","ocean_breadcrumbs_links_hover_color":"","ocean_display_footer_widgets":"default","ocean_display_footer_bottom":"default","ocean_custom_footer_template":"0"},"product_cat":[19],"product_tag":[27,32,31,33],"class_list":{"0":"post-726","1":"product","2":"type-product","3":"status-publish","4":"has-post-thumbnail","6":"product_cat-egyeb","7":"product_tag-baba","8":"product_tag-babaapolas","9":"product_tag-bio","10":"product_tag-borapolas","12":"entry","13":"has-media","15":"first","16":"outofstock","17":"shipping-taxable","18":"purchasable","19":"product-type-simple","20":"has-product-nav","21":"col","22":"span_1_of_3","23":"owp-content-center","24":"owp-thumbs-layout-horizontal","25":"owp-btn-normal","26":"owp-tabs-layout-horizontal","27":"has-no-thumbnails"},"_links":{"self":[{"href":"https:\/\/annarom.hu\/index.php?rest_route=\/wp\/v2\/product\/726","targetHints":{"allow":["GET"]}}],"collection":[{"href":"https:\/\/annarom.hu\/index.php?rest_route=\/wp\/v2\/product"}],"about":[{"href":"https:\/\/annarom.hu\/index.php?rest_route=\/wp\/v2\/types\/product"}],"wp:featuredmedia":[{"embeddable":true,"href":"https:\/\/annarom.hu\/index.php?rest_route=\/wp\/v2\/media\/727"}],"wp:attachment":[{"href":"https:\/\/annarom.hu\/index.php?rest_route=%2Fwp%2Fv2%2Fmedia&parent=726"}],"wp:term":[{"taxonomy":"product_cat","embeddable":true,"href":"https:\/\/annarom.hu\/index.php?rest_route=%2Fwp%2Fv2%2Fproduct_cat&post=726"},{"taxonomy":"product_tag","embeddable":true,"href":"https:\/\/annarom.hu\/index.php?rest_route=%2Fwp%2Fv2%2Fproduct_tag&post=726"}],"curies":[{"name":"wp","href":"https:\/\/api.w.org\/{rel}","templated":true}]}}