{"id":757,"date":"2023-05-29T17:52:38","date_gmt":"2023-05-29T15:52:38","guid":{"rendered":"https:\/\/annarom.hu\/?post_type=product&#038;p=757"},"modified":"2025-08-14T18:01:04","modified_gmt":"2025-08-14T16:01:04","slug":"pranarom-vadlevendula-10ml","status":"publish","type":"product","link":"https:\/\/annarom.hu\/?product=pranarom-vadlevendula-10ml","title":{"rendered":"VADLEVENDULA &#8211; LAVANDULA SPICA 10ML"},"content":{"rendered":"<div class=\"mikor-hasznald\">\n<p><strong>Mikor haszn\u00e1ld?<\/strong><\/p>\n<ul>\n<li>Seg\u00edti a pattan\u00e1sok \u00e9s olajos b\u0151r\u00f6d kezel\u00e9s\u00e9t<\/li>\n<li>\u00c1lmatlans\u00e1gban szenvedsz<\/li>\n<li>Migr\u00e9n vagy id\u0151j\u00e1r\u00e1sv\u00e1ltoz\u00e1s miatti fejf\u00e1j\u00e1s gy\u00f6t\u00f6r<\/li>\n<li>V\u00e9dekezni akarsz a legt\u00f6bb rovarcs\u00edp\u00e9s ellen<\/li>\n<li>L\u00e9g\u00fati megbeteged\u00e9sek eset\u00e9n (pl. bronchitis, arc\u00fcreggyullad\u00e1s) k\u00fcl\u00f6n\u00f6sen aj\u00e1nlott gyermekednek<\/li>\n<li>Nyaral\u00e1s sor\u00e1n med\u00fazacs\u00edp\u00e9s \u00e9rt t\u00e9ged vagy csal\u00e1dod tagjait<\/li>\n<li>L\u00e9g\u00fati panaszaid vannak<\/li>\n<li>V\u00edrusos l\u00e9g\u00fati megbeteged\u00e9sben szenvedsz<\/li>\n<li>Enyh\u00edteni szeretn\u00e9d a viszket\u00e9st \u00e9s az irrit\u00e1ci\u00f3kat &#8211; pl. rovarcs\u00edp\u00e9sek, n\u00f6v\u00e9nyek okozta b\u0151rirrit\u00e1ci\u00f3k (pl. csal\u00e1ncs\u00edp\u00e9s) , kisebb nap\u00e9g\u00e9s<\/li>\n<li>Pattan\u00e1sos \u00e9s mitesszerekkel teli az arcb\u0151r\u00f6d<\/li>\n<\/ul>\n<\/div>\n<div class=\"tulajdonsagok-es-elonyok\">\n<p><strong>Mi\u00e9rt v\u00e1laszd ezt a term\u00e9ket?<\/strong><\/p>\n<ul>\n<li>Immuner\u0151s\u00edt\u0151, bakt\u00e9rium\u00f6l\u0151, v\u00edrus\u00f6l\u0151, ny\u00e1kold\u00f3, k\u00f6ptet\u0151 hat\u00e1s\u00fa ill\u00f3olaj<\/li>\n<li>Nyugtat\u00f3 hat\u00e1s\u00fa ill\u00f3olaj<\/li>\n<li>Fenn akarod tartani a norm\u00e1lis l\u00e9g\u00fati eg\u00e9szs\u00e9gedet \u00e9s a term\u00e9szetes v\u00e9dekez\u0151k\u00e9pess\u00e9gedet<\/li>\n<li>Friss\u00edt\u0151, nyugtat\u00f3 hat\u00e1s\u00fa nap\u00e9g\u00e9s, \u00e9g\u00e9si s\u00e9r\u00fcl\u00e9s, rovarcs\u00edp\u00e9s eset\u00e9n<\/li>\n<\/ul>\n<p>Kiszerel\u00e9s: 10 ml<\/p>\n<\/div>\n","protected":false},"excerpt":{"rendered":"<p>Mikor haszn\u00e1ld? Seg\u00edti a pattan\u00e1sok \u00e9s olajos b\u0151r\u00f6d kezel\u00e9s\u00e9t \u00c1lmatlans\u00e1gban szenvedsz Migr\u00e9n vagy id\u0151j\u00e1r\u00e1sv\u00e1ltoz\u00e1s miatti fejf\u00e1j\u00e1s gy\u00f6t\u00f6r V\u00e9dekezni akarsz a legt\u00f6bb rovarcs\u00edp\u00e9s ellen L\u00e9g\u00fati megbeteged\u00e9sek eset\u00e9n (pl. bronchitis, arc\u00fcreggyullad\u00e1s) k\u00fcl\u00f6n\u00f6sen aj\u00e1nlott gyermekednek Nyaral\u00e1s sor\u00e1n med\u00fazacs\u00edp\u00e9s \u00e9rt t\u00e9ged vagy csal\u00e1dod tagjait L\u00e9g\u00fati panaszaid vannak V\u00edrusos l\u00e9g\u00fati megbeteged\u00e9sben szenvedsz Enyh\u00edteni szeretn\u00e9d a viszket\u00e9st \u00e9s az irrit\u00e1ci\u00f3kat &#8211; [&hellip;]<\/p>\n","protected":false},"featured_media":759,"template":"","meta":{"ocean_post_layout":"","ocean_both_sidebars_style":"","ocean_both_sidebars_content_width":0,"ocean_both_sidebars_sidebars_width":0,"ocean_sidebar":"0","ocean_second_sidebar":"0","ocean_disable_margins":"enable","ocean_add_body_class":"","ocean_shortcode_before_top_bar":"","ocean_shortcode_after_top_bar":"","ocean_shortcode_before_header":"","ocean_shortcode_after_header":"","ocean_has_shortcode":"","ocean_shortcode_after_title":"","ocean_shortcode_before_footer_widgets":"","ocean_shortcode_after_footer_widgets":"","ocean_shortcode_before_footer_bottom":"","ocean_shortcode_after_footer_bottom":"","ocean_display_top_bar":"default","ocean_display_header":"default","ocean_header_style":"","ocean_center_header_left_menu":"0","ocean_custom_header_template":"0","ocean_custom_logo":0,"ocean_custom_retina_logo":0,"ocean_custom_logo_max_width":0,"ocean_custom_logo_tablet_max_width":0,"ocean_custom_logo_mobile_max_width":0,"ocean_custom_logo_max_height":0,"ocean_custom_logo_tablet_max_height":0,"ocean_custom_logo_mobile_max_height":0,"ocean_header_custom_menu":"0","ocean_menu_typo_font_family":"0","ocean_menu_typo_font_subset":"","ocean_menu_typo_font_size":0,"ocean_menu_typo_font_size_tablet":0,"ocean_menu_typo_font_size_mobile":0,"ocean_menu_typo_font_size_unit":"px","ocean_menu_typo_font_weight":"","ocean_menu_typo_font_weight_tablet":"","ocean_menu_typo_font_weight_mobile":"","ocean_menu_typo_transform":"","ocean_menu_typo_transform_tablet":"","ocean_menu_typo_transform_mobile":"","ocean_menu_typo_line_height":0,"ocean_menu_typo_line_height_tablet":0,"ocean_menu_typo_line_height_mobile":0,"ocean_menu_typo_line_height_unit":"","ocean_menu_typo_spacing":0,"ocean_menu_typo_spacing_tablet":0,"ocean_menu_typo_spacing_mobile":0,"ocean_menu_typo_spacing_unit":"","ocean_menu_link_color":"","ocean_menu_link_color_hover":"","ocean_menu_link_color_active":"","ocean_menu_link_background":"","ocean_menu_link_hover_background":"","ocean_menu_link_active_background":"","ocean_menu_social_links_bg":"","ocean_menu_social_hover_links_bg":"","ocean_menu_social_links_color":"","ocean_menu_social_hover_links_color":"","ocean_disable_title":"default","ocean_disable_heading":"default","ocean_post_title":"","ocean_post_subheading":"","ocean_post_title_style":"","ocean_post_title_background_color":"","ocean_post_title_background":0,"ocean_post_title_bg_image_position":"","ocean_post_title_bg_image_attachment":"","ocean_post_title_bg_image_repeat":"","ocean_post_title_bg_image_size":"","ocean_post_title_height":0,"ocean_post_title_bg_overlay":0.5,"ocean_post_title_bg_overlay_color":"","ocean_disable_breadcrumbs":"default","ocean_breadcrumbs_color":"","ocean_breadcrumbs_separator_color":"","ocean_breadcrumbs_links_color":"","ocean_breadcrumbs_links_hover_color":"","ocean_display_footer_widgets":"default","ocean_display_footer_bottom":"default","ocean_custom_footer_template":"0"},"product_cat":[50],"product_tag":[41,39,40],"class_list":{"0":"post-757","1":"product","2":"type-product","3":"status-publish","4":"has-post-thumbnail","6":"product_cat-illoolajok","7":"product_tag-illoolaj","8":"product_tag-levendula","9":"product_tag-vadlevendula","11":"entry","12":"has-media","14":"first","15":"instock","16":"shipping-taxable","17":"purchasable","18":"product-type-simple","19":"has-product-nav","20":"col","21":"span_1_of_3","22":"owp-content-center","23":"owp-thumbs-layout-horizontal","24":"owp-btn-normal","25":"owp-tabs-layout-horizontal","26":"has-no-thumbnails"},"_links":{"self":[{"href":"https:\/\/annarom.hu\/index.php?rest_route=\/wp\/v2\/product\/757","targetHints":{"allow":["GET"]}}],"collection":[{"href":"https:\/\/annarom.hu\/index.php?rest_route=\/wp\/v2\/product"}],"about":[{"href":"https:\/\/annarom.hu\/index.php?rest_route=\/wp\/v2\/types\/product"}],"wp:featuredmedia":[{"embeddable":true,"href":"https:\/\/annarom.hu\/index.php?rest_route=\/wp\/v2\/media\/759"}],"wp:attachment":[{"href":"https:\/\/annarom.hu\/index.php?rest_route=%2Fwp%2Fv2%2Fmedia&parent=757"}],"wp:term":[{"taxonomy":"product_cat","embeddable":true,"href":"https:\/\/annarom.hu\/index.php?rest_route=%2Fwp%2Fv2%2Fproduct_cat&post=757"},{"taxonomy":"product_tag","embeddable":true,"href":"https:\/\/annarom.hu\/index.php?rest_route=%2Fwp%2Fv2%2Fproduct_tag&post=757"}],"curies":[{"name":"wp","href":"https:\/\/api.w.org\/{rel}","templated":true}]}}