{"id":794,"date":"2023-06-17T15:59:04","date_gmt":"2023-06-17T13:59:04","guid":{"rendered":"https:\/\/annarom.hu\/?post_type=product&#038;p=794"},"modified":"2025-08-14T17:55:46","modified_gmt":"2025-08-14T15:55:46","slug":"pranarom-allergoforce-kapszula","status":"publish","type":"product","link":"https:\/\/annarom.hu\/?product=pranarom-allergoforce-kapszula","title":{"rendered":"ALLERGOFORCE KAPSZULA 30DB"},"content":{"rendered":"<div class=\"mikor-hasznald\">\n<p><strong>Mikor haszn\u00e1ld?<\/strong><\/p>\n<ul>\n<li>Szeretn\u00e9d megel\u0151zni az allergi\u00e1s t\u00fcneteket, mint orrfoly\u00e1s, viszket\u00e9s, t\u00fcssz\u00f6g\u00e9s<\/li>\n<li>Allergia okozta szem- \u00e9s orrirrit\u00e1ci\u00f3k eset\u00e9n<\/li>\n<\/ul>\n<\/div>\n<div class=\"tulajdonsagok-es-elonyok\">\n<p><strong>Mi\u00e9rt v\u00e1laszd ezt a term\u00e9ket?<\/strong><\/p>\n<ul>\n<li>Nem \u00e1lmos\u00edt<\/li>\n<li>Mell\u00e9khat\u00e1sokt\u00f3l mentes<\/li>\n<li>Fontos neked, hogy 100%-ban term\u00e9szetes \u00f6sszetev\u0151ket tartalmaz\u00f3 k\u00e9sz\u00edtm\u00e9nyeket haszn\u00e1lj<\/li>\n<li>BIO, ORGANIKUS \u00e9s VEGAN<\/li>\n<li>\u00cdztelen \u00e9s szagtalan<\/li>\n<\/ul>\n<p>12-18 \u00e9ves kor k\u00f6z\u00f6tt:\u00a0 napi 1 kapszula, az allergi\u00e1s id\u0151szakban, 14 napig egym\u00e1s ut\u00e1n.<\/p>\n<p>Feln\u0151tteknek: napi 2 kapszula, az \u00e9rz\u00e9keny id\u0151szakban 14 napig egym\u00e1s ut\u00e1n.<\/p>\n<p>Ism\u00e9teld meg a k\u00far\u00e1t, amennyiben \u00fagy \u00e9rzed sz\u00fcks\u00e9ges!<\/p>\n<p><em>A kezel\u00e9sek k\u00f6z\u00f6tt minden esetben tarts 5 napos sz\u00fcnetet!<\/em><\/p>\n<p>FIGYELMEZTET\u00c9S:<br \/>\nNem helyettes\u00edti a v\u00e1ltozatos \u00e9s kiegyens\u00falyozott \u00e9trendet \u00e9s az eg\u00e9szs\u00e9ges \u00e9letm\u00f3dot.<br \/>\nKisgyermekekt\u0151l elz\u00e1rva tartand\u00f3!<br \/>\nTartsd t\u00e1vol minden h\u0151- \u00e9s f\u00e9nyforr\u00e1st\u00f3l!<br \/>\nNe l\u00e9pd t\u00fal az aj\u00e1nlott adagot!<br \/>\nNe alkalmazd v\u00e1rand\u00f3ss\u00e1g, szoptat\u00e1s alatt \u00e9s 12 \u00e9vesn\u00e9l fiatalabb gyermekekn\u00e9l!<br \/>\n14 napn\u00e1l tov\u00e1bb nem fogyaszd \u00e9s tarts 5 nap sz\u00fcnetet a kezel\u00e9sek k\u00f6z\u00f6tt, kiv\u00e9ve, ha eg\u00e9szs\u00e9g\u00fcgyi szakember m\u00e1sk\u00e9pp tan\u00e1csolja!<\/p>\n<p>\u00d6SSZETEV\u0150K:<\/p>\n<p>N\u00f6v\u00e9nyi olajok: Brassica napus * (Repce olaj), Zselatin * (Zselatin), Glicerin * (Glicerin)<\/p>\n<p>Ill\u00f3olajok (75 mg \/ kapszula): Foeniculum vulgare * (\u00c9desk\u00f6m\u00e9ny), Zingiber officinalis (Gy\u00f6mb\u00e9r), Mentha piperita * (Borsmenta) , Matricaria recutita * (Kamilla), Pinus sylvestris * (Erdei feny\u0151), Citrus limonum * (Citrom)<\/p>\n<p>Antioxid\u00e1ns:\u00a0tokoferol<\/p>\n<p>Biol\u00f3giai gazd\u00e1lkod\u00e1sb\u00f3l sz\u00e1rmaz\u00f3 \u00f6sszetev\u0151k \u2013 Contr\u00f4le Certisys BE-BIO-01.<\/p>\n<p><em>\u00c9trend-kieg\u00e9sz\u00edt\u0151 k\u00e9sz\u00edtm\u00e9ny, OGY\u00c9I notifik\u00e1ci\u00f3s sz\u00e1m: 26992\/2021<\/em><\/p>\n<\/div>\n","protected":false},"excerpt":{"rendered":"<p>Mikor haszn\u00e1ld? Szeretn\u00e9d megel\u0151zni az allergi\u00e1s t\u00fcneteket, mint orrfoly\u00e1s, viszket\u00e9s, t\u00fcssz\u00f6g\u00e9s Allergia okozta szem- \u00e9s orrirrit\u00e1ci\u00f3k eset\u00e9n Mi\u00e9rt v\u00e1laszd ezt a term\u00e9ket? Nem \u00e1lmos\u00edt Mell\u00e9khat\u00e1sokt\u00f3l mentes Fontos neked, hogy 100%-ban term\u00e9szetes \u00f6sszetev\u0151ket tartalmaz\u00f3 k\u00e9sz\u00edtm\u00e9nyeket haszn\u00e1lj BIO, ORGANIKUS \u00e9s VEGAN \u00cdztelen \u00e9s szagtalan 12-18 \u00e9ves kor k\u00f6z\u00f6tt:\u00a0 napi 1 kapszula, az allergi\u00e1s id\u0151szakban, 14 napig egym\u00e1s [&hellip;]<\/p>\n","protected":false},"featured_media":795,"template":"","meta":{"ocean_post_layout":"","ocean_both_sidebars_style":"","ocean_both_sidebars_content_width":0,"ocean_both_sidebars_sidebars_width":0,"ocean_sidebar":"0","ocean_second_sidebar":"0","ocean_disable_margins":"enable","ocean_add_body_class":"","ocean_shortcode_before_top_bar":"","ocean_shortcode_after_top_bar":"","ocean_shortcode_before_header":"","ocean_shortcode_after_header":"","ocean_has_shortcode":"","ocean_shortcode_after_title":"","ocean_shortcode_before_footer_widgets":"","ocean_shortcode_after_footer_widgets":"","ocean_shortcode_before_footer_bottom":"","ocean_shortcode_after_footer_bottom":"","ocean_display_top_bar":"default","ocean_display_header":"default","ocean_header_style":"","ocean_center_header_left_menu":"0","ocean_custom_header_template":"0","ocean_custom_logo":0,"ocean_custom_retina_logo":0,"ocean_custom_logo_max_width":0,"ocean_custom_logo_tablet_max_width":0,"ocean_custom_logo_mobile_max_width":0,"ocean_custom_logo_max_height":0,"ocean_custom_logo_tablet_max_height":0,"ocean_custom_logo_mobile_max_height":0,"ocean_header_custom_menu":"0","ocean_menu_typo_font_family":"0","ocean_menu_typo_font_subset":"","ocean_menu_typo_font_size":0,"ocean_menu_typo_font_size_tablet":0,"ocean_menu_typo_font_size_mobile":0,"ocean_menu_typo_font_size_unit":"px","ocean_menu_typo_font_weight":"","ocean_menu_typo_font_weight_tablet":"","ocean_menu_typo_font_weight_mobile":"","ocean_menu_typo_transform":"","ocean_menu_typo_transform_tablet":"","ocean_menu_typo_transform_mobile":"","ocean_menu_typo_line_height":0,"ocean_menu_typo_line_height_tablet":0,"ocean_menu_typo_line_height_mobile":0,"ocean_menu_typo_line_height_unit":"","ocean_menu_typo_spacing":0,"ocean_menu_typo_spacing_tablet":0,"ocean_menu_typo_spacing_mobile":0,"ocean_menu_typo_spacing_unit":"","ocean_menu_link_color":"","ocean_menu_link_color_hover":"","ocean_menu_link_color_active":"","ocean_menu_link_background":"","ocean_menu_link_hover_background":"","ocean_menu_link_active_background":"","ocean_menu_social_links_bg":"","ocean_menu_social_hover_links_bg":"","ocean_menu_social_links_color":"","ocean_menu_social_hover_links_color":"","ocean_disable_title":"default","ocean_disable_heading":"default","ocean_post_title":"","ocean_post_subheading":"","ocean_post_title_style":"","ocean_post_title_background_color":"","ocean_post_title_background":0,"ocean_post_title_bg_image_position":"","ocean_post_title_bg_image_attachment":"","ocean_post_title_bg_image_repeat":"","ocean_post_title_bg_image_size":"","ocean_post_title_height":0,"ocean_post_title_bg_overlay":0.5,"ocean_post_title_bg_overlay_color":"","ocean_disable_breadcrumbs":"default","ocean_breadcrumbs_color":"","ocean_breadcrumbs_separator_color":"","ocean_breadcrumbs_links_color":"","ocean_breadcrumbs_links_hover_color":"","ocean_display_footer_widgets":"default","ocean_display_footer_bottom":"default","ocean_custom_footer_template":"0"},"product_cat":[52],"product_tag":[66,54],"class_list":{"0":"post-794","1":"product","2":"type-product","3":"status-publish","4":"has-post-thumbnail","6":"product_cat-taplalekkiegeszitok","7":"product_tag-allergia","8":"product_tag-immuntamogatas","10":"entry","11":"has-media","13":"first","14":"outofstock","15":"shipping-taxable","16":"purchasable","17":"product-type-simple","18":"has-product-nav","19":"col","20":"span_1_of_3","21":"owp-content-center","22":"owp-thumbs-layout-horizontal","23":"owp-btn-normal","24":"owp-tabs-layout-horizontal","25":"has-no-thumbnails"},"_links":{"self":[{"href":"https:\/\/annarom.hu\/index.php?rest_route=\/wp\/v2\/product\/794","targetHints":{"allow":["GET"]}}],"collection":[{"href":"https:\/\/annarom.hu\/index.php?rest_route=\/wp\/v2\/product"}],"about":[{"href":"https:\/\/annarom.hu\/index.php?rest_route=\/wp\/v2\/types\/product"}],"wp:featuredmedia":[{"embeddable":true,"href":"https:\/\/annarom.hu\/index.php?rest_route=\/wp\/v2\/media\/795"}],"wp:attachment":[{"href":"https:\/\/annarom.hu\/index.php?rest_route=%2Fwp%2Fv2%2Fmedia&parent=794"}],"wp:term":[{"taxonomy":"product_cat","embeddable":true,"href":"https:\/\/annarom.hu\/index.php?rest_route=%2Fwp%2Fv2%2Fproduct_cat&post=794"},{"taxonomy":"product_tag","embeddable":true,"href":"https:\/\/annarom.hu\/index.php?rest_route=%2Fwp%2Fv2%2Fproduct_tag&post=794"}],"curies":[{"name":"wp","href":"https:\/\/api.w.org\/{rel}","templated":true}]}}