{"id":963,"date":"2023-08-17T22:28:38","date_gmt":"2023-08-17T20:28:38","guid":{"rendered":"https:\/\/annarom.hu\/?post_type=product&#038;p=963"},"modified":"2024-08-11T13:13:52","modified_gmt":"2024-08-11T11:13:52","slug":"aromaforce-junior-immunerosito-gumicukor","status":"publish","type":"product","link":"https:\/\/annarom.hu\/?product=aromaforce-junior-immunerosito-gumicukor","title":{"rendered":"AROMAFORCE JUNIOR IMMUNER\u0150S\u00cdT\u0150 GUMICUKOR"},"content":{"rendered":"<div>A gy\u00f6mb\u00e9r \u00e9s a borsmenta ill\u00f3olajok hozz\u00e1j\u00e1rulnak az immunrendszer megfelel\u0151 m\u0171k\u00f6d\u00e9s\u00e9hez, t\u00e1mogatva a szervezet ellen\u00e1ll\u00f3k\u00e9pess\u00e9g\u00e9t.<\/div>\n<div>Adagol\u00e1sa \u00e9s \u00edze ide\u00e1lis gyerekek sz\u00e1m\u00e1ra.<\/div>\n<div><\/div>\n<div><\/div>\n<div>-glut\u00e9nmentes<br \/>\n-lakt\u00f3zmentes<br \/>\n-veg\u00e1n, \u00e1llati eredet\u0171 zselatint\u00f3l mentes<\/div>\n<div>-tart\u00f3s\u00edt\u00f3szermentes<\/div>\n<div>-sz\u00ednez\u00e9kmentes<\/div>\n<div>-mesters\u00e9ges arom\u00e1kt\u00f3l mentes<\/div>\n<div><\/div>\n<div><em>\u00c9trendkieg\u00e9sz\u00edt\u0151, OGY\u00c9I notifik\u00e1ci\u00f3s sz\u00e1m:\u00a0 27425\/2021<\/em><\/div>\n<div><\/div>\n<div><strong>Kiszerel\u00e9s:\u00a0<\/strong><strong>60 darab r\u00e1g\u00f3tabletta (150g)<\/strong><\/div>\n<div><\/div>\n<div>ALKALMAZ\u00c1S:<\/div>\n<div>\n<div>6 \u00e9ves kort\u00f3l.<\/div>\n<div>Napi 2 gumicukor.<br \/>\nAlkalmas \u00e9vente ak\u00e1r t\u00f6bbsz\u00f6ri alkalommal is a fogyaszt\u00e1sa, k\u00fcl\u00f6n\u00f6s tekintettel az \u00e9vszak v\u00e1lt\u00e1sok idej\u00e9n.<\/div>\n<div><\/div>\n<div><\/div>\n<div>FIGYELMEZTET\u00c9S<\/div>\n<div>Kisgyermekekt\u0151l elz\u00e1rva tartand\u00f3.<\/div>\n<div>Tartsa t\u00e1vol minden h\u0151- \u00e9s f\u00e9nyforr\u00e1st\u00f3l.<br \/>\nNem helyettes\u00edti a v\u00e1ltozatos \u00e9s kiegyens\u00falyozott \u00e9trendet \u00e9s az eg\u00e9szs\u00e9ges \u00e9letm\u00f3dot.<br \/>\nNe l\u00e9pje t\u00fal a napi aj\u00e1nlott mennyis\u00e9get.<\/div>\n<div>Ne alkalmazza v\u00e1rand\u00f3ss\u00e1g, szoptat\u00e1s ideje alatt, valamint 6 \u00e9v alatti gyermekekn\u00e9l.<br \/>\nK\u00e9rjen tan\u00e1csot megfelel\u0151 szakembert\u0151l.<\/div>\n<div><\/div>\n<div>\n<div id=\"product-description-short-32439\" class=\"product-description-small h5\">\n<div><\/div>\n<div>\u00d6SSZETEV\u0150K<\/div>\n<\/div>\n<div>\n<div class=\"product-composition\">Gl\u00fck\u00f3z szirup, n\u00e1dcukor, Zsel\u00e9s\u00edt\u0151 anyag: gy\u00fcm\u00f6lcs pektin<\/div>\n<div class=\"product-composition\">Ill\u00f3olajok: Cinnamomum camphora (Ravintsara), Citrus sinensis (\u00c9desnarancs), Zingiber officinale (Gy\u00f6mb\u00e9r), Mentha x piperita (Borsmenta), Citrus limon (Citrom), Cinnamomum cassia (K\u00ednai fah\u00e9j);<\/div>\n<div class=\"product-composition\">\n<p>Savany\u00fas\u00e1got szab\u00e1lyoz\u00f3 anyag: citromsav; Bevon\u00f3 anyag: Karnauba viasz.<\/p>\n<p><em>\u00c9trend-kieg\u00e9sz\u00edt\u0151 k\u00e9sz\u00edtm\u00e9ny<\/em><em>, OGY\u00c9I notifik\u00e1ci\u00f3s sz\u00e1m:\u00a0 27425\/2021<\/em><\/p>\n<table>\n<tbody>\n<tr>\n<td width=\"245\">N\u00e9v<\/td>\n<td width=\"161\">100 g- ban<\/td>\n<td width=\"180\">2 db-ban (5 g)<\/td>\n<\/tr>\n<tr>\n<td width=\"245\">Energia \u00e9rt\u00e9k<\/td>\n<td width=\"161\">1342KJ<\/p>\n<p>320,85Kcal<\/td>\n<td width=\"180\">67KJ<\/p>\n<p>16,04 Kcal<\/td>\n<\/tr>\n<tr>\n<td width=\"245\">\u00a0Zs\u00edrsavak<\/td>\n<td width=\"161\">&lt; 0,1 g<\/td>\n<td width=\"180\">&lt; 0,01 g<\/td>\n<\/tr>\n<tr>\n<td width=\"245\">\u00a0tel\u00edtett zs\u00edrsavak<\/td>\n<td width=\"161\">&lt; 0,1 g<\/td>\n<td width=\"180\">&lt; 0,01 g<\/td>\n<\/tr>\n<tr>\n<td width=\"245\">Sz\u00e9nhidr\u00e1tok<\/td>\n<td width=\"161\">81,94 g<\/td>\n<td width=\"180\">4,1 g<\/td>\n<\/tr>\n<tr>\n<td width=\"245\">\u00a0ebb\u0151l cukrok<\/td>\n<td width=\"161\">43,52 g<\/td>\n<td width=\"180\">2,18 g<\/td>\n<\/tr>\n<tr>\n<td width=\"245\">Rostok<\/td>\n<td width=\"161\">&lt; 0,1 g<\/td>\n<td width=\"180\">&lt; 0,01 g<\/td>\n<\/tr>\n<tr>\n<td width=\"245\">Feh\u00e9rje<\/td>\n<td width=\"161\">&lt; 0,1 g<\/td>\n<td width=\"180\">&lt; 0,01 g<\/td>\n<\/tr>\n<tr>\n<td width=\"245\">S\u00f3<\/td>\n<td width=\"161\">0 g<\/td>\n<td width=\"180\">0 g<\/td>\n<\/tr>\n<\/tbody>\n<\/table>\n<p>&nbsp;<\/p>\n<table>\n<tbody>\n<tr>\n<td width=\"264\">N\u00e9v<\/td>\n<td width=\"151\"><\/td>\n<td width=\"170\">2 db-ban<\/td>\n<\/tr>\n<tr>\n<td width=\"264\">Cinnamonum camphora ct cineol (Ravintsara)<\/td>\n<td width=\"151\">\/<\/td>\n<td width=\"170\">15,0 mg<\/td>\n<\/tr>\n<tr>\n<td width=\"264\">Citrus sinensis (\u00c9des narancs)<\/td>\n<td width=\"151\">\/<\/td>\n<td width=\"170\">12,37 mg<\/td>\n<\/tr>\n<tr>\n<td width=\"264\">Zingiber officinalis (Gy\u00f6mb\u00e9r)<\/td>\n<td width=\"151\">\/<\/td>\n<td width=\"170\">3,75 mg<\/td>\n<\/tr>\n<tr>\n<td width=\"264\">Mentha piperita (Borsmenta)<\/td>\n<td width=\"151\">\/<\/td>\n<td width=\"170\">2,62 mg<\/td>\n<\/tr>\n<tr>\n<td width=\"264\">Citrus limon (Citromh\u00e9j)<\/td>\n<td width=\"151\">\/<\/td>\n<td width=\"170\">1,88 mg<\/td>\n<\/tr>\n<tr>\n<td width=\"264\">Cinnamomum cassia(K\u00ednai fah\u00e9jfa)<\/td>\n<td width=\"151\">\/<\/td>\n<td width=\"170\">1,88 \u00a0mg<\/td>\n<\/tr>\n<\/tbody>\n<\/table>\n<\/div>\n<\/div>\n<\/div>\n<\/div>\n","protected":false},"excerpt":{"rendered":"<div id=\"product-description-short-32439\" class=\"product-description-small h5\">Az Aromaforce Junior immuner\u0151s\u00edt\u0151, puha gumicukor ravintsara, citrom, \u00e9desnarancs, gy\u00f6mb\u00e9r, borsmenta \u00e9s k\u00ednai fah\u00e9j ill\u00f3olajokkal.<\/div>\n","protected":false},"featured_media":964,"template":"","meta":{"ocean_post_layout":"","ocean_both_sidebars_style":"","ocean_both_sidebars_content_width":0,"ocean_both_sidebars_sidebars_width":0,"ocean_sidebar":"0","ocean_second_sidebar":"0","ocean_disable_margins":"enable","ocean_add_body_class":"","ocean_shortcode_before_top_bar":"","ocean_shortcode_after_top_bar":"","ocean_shortcode_before_header":"","ocean_shortcode_after_header":"","ocean_has_shortcode":"","ocean_shortcode_after_title":"","ocean_shortcode_before_footer_widgets":"","ocean_shortcode_after_footer_widgets":"","ocean_shortcode_before_footer_bottom":"","ocean_shortcode_after_footer_bottom":"","ocean_display_top_bar":"default","ocean_display_header":"default","ocean_header_style":"","ocean_center_header_left_menu":"0","ocean_custom_header_template":"0","ocean_custom_logo":0,"ocean_custom_retina_logo":0,"ocean_custom_logo_max_width":0,"ocean_custom_logo_tablet_max_width":0,"ocean_custom_logo_mobile_max_width":0,"ocean_custom_logo_max_height":0,"ocean_custom_logo_tablet_max_height":0,"ocean_custom_logo_mobile_max_height":0,"ocean_header_custom_menu":"0","ocean_menu_typo_font_family":"0","ocean_menu_typo_font_subset":"","ocean_menu_typo_font_size":0,"ocean_menu_typo_font_size_tablet":0,"ocean_menu_typo_font_size_mobile":0,"ocean_menu_typo_font_size_unit":"px","ocean_menu_typo_font_weight":"","ocean_menu_typo_font_weight_tablet":"","ocean_menu_typo_font_weight_mobile":"","ocean_menu_typo_transform":"","ocean_menu_typo_transform_tablet":"","ocean_menu_typo_transform_mobile":"","ocean_menu_typo_line_height":0,"ocean_menu_typo_line_height_tablet":0,"ocean_menu_typo_line_height_mobile":0,"ocean_menu_typo_line_height_unit":"","ocean_menu_typo_spacing":0,"ocean_menu_typo_spacing_tablet":0,"ocean_menu_typo_spacing_mobile":0,"ocean_menu_typo_spacing_unit":"","ocean_menu_link_color":"","ocean_menu_link_color_hover":"","ocean_menu_link_color_active":"","ocean_menu_link_background":"","ocean_menu_link_hover_background":"","ocean_menu_link_active_background":"","ocean_menu_social_links_bg":"","ocean_menu_social_hover_links_bg":"","ocean_menu_social_links_color":"","ocean_menu_social_hover_links_color":"","ocean_disable_title":"default","ocean_disable_heading":"default","ocean_post_title":"","ocean_post_subheading":"","ocean_post_title_style":"","ocean_post_title_background_color":"","ocean_post_title_background":0,"ocean_post_title_bg_image_position":"","ocean_post_title_bg_image_attachment":"","ocean_post_title_bg_image_repeat":"","ocean_post_title_bg_image_size":"","ocean_post_title_height":0,"ocean_post_title_bg_overlay":0.5,"ocean_post_title_bg_overlay_color":"","ocean_disable_breadcrumbs":"default","ocean_breadcrumbs_color":"","ocean_breadcrumbs_separator_color":"","ocean_breadcrumbs_links_color":"","ocean_breadcrumbs_links_hover_color":"","ocean_display_footer_widgets":"default","ocean_display_footer_bottom":"default","ocean_custom_footer_template":"0"},"product_cat":[52],"product_tag":[35,37,54,46],"class_list":{"0":"post-963","1":"product","2":"type-product","3":"status-publish","4":"has-post-thumbnail","6":"product_cat-taplalekkiegeszitok","7":"product_tag-gyerek","8":"product_tag-immunitas","9":"product_tag-immuntamogatas","10":"product_tag-immunvedelem","12":"entry","13":"has-media","15":"first","16":"outofstock","17":"shipping-taxable","18":"purchasable","19":"product-type-simple","20":"has-product-nav","21":"col","22":"span_1_of_3","23":"owp-content-center","24":"owp-thumbs-layout-horizontal","25":"owp-btn-normal","26":"owp-tabs-layout-horizontal","27":"has-no-thumbnails"},"_links":{"self":[{"href":"https:\/\/annarom.hu\/index.php?rest_route=\/wp\/v2\/product\/963","targetHints":{"allow":["GET"]}}],"collection":[{"href":"https:\/\/annarom.hu\/index.php?rest_route=\/wp\/v2\/product"}],"about":[{"href":"https:\/\/annarom.hu\/index.php?rest_route=\/wp\/v2\/types\/product"}],"wp:featuredmedia":[{"embeddable":true,"href":"https:\/\/annarom.hu\/index.php?rest_route=\/wp\/v2\/media\/964"}],"wp:attachment":[{"href":"https:\/\/annarom.hu\/index.php?rest_route=%2Fwp%2Fv2%2Fmedia&parent=963"}],"wp:term":[{"taxonomy":"product_cat","embeddable":true,"href":"https:\/\/annarom.hu\/index.php?rest_route=%2Fwp%2Fv2%2Fproduct_cat&post=963"},{"taxonomy":"product_tag","embeddable":true,"href":"https:\/\/annarom.hu\/index.php?rest_route=%2Fwp%2Fv2%2Fproduct_tag&post=963"}],"curies":[{"name":"wp","href":"https:\/\/api.w.org\/{rel}","templated":true}]}}