{"id":965,"date":"2023-08-17T22:38:37","date_gmt":"2023-08-17T20:38:37","guid":{"rendered":"https:\/\/annarom.hu\/?post_type=product&#038;p=965"},"modified":"2025-08-14T17:49:56","modified_gmt":"2025-08-14T15:49:56","slug":"aromaforce-szirup-bio","status":"publish","type":"product","link":"https:\/\/annarom.hu\/?product=aromaforce-szirup-bio","title":{"rendered":"AROMAFORCE SZIRUP BIO"},"content":{"rendered":"<p>Betegs\u00e9g eset\u00e9n napi 3 x 5 ml, 5-7 napon kereszt\u00fcl<br \/>\nvagy<br \/>\nnapi 5 ml 1-4 alkalommal 3-5 napon kereszt\u00fcl<\/p>\n<p>* 3-12 \u00e9v k\u00f6z\u00f6tt: napi 1 x 5 ml<br \/>\n* 12-18 \u00e9v k\u00f6z\u00f6tt : napi 2 x 5 ml<br \/>\n* 18 \u00e9v f\u00f6l\u00f6tt: 5 ml, napi 2-4 alkalommal<\/p>\n<p>Ne l\u00e9pje t\u00fal az aj\u00e1nlott adagot!<br \/>\nNe szedje 7 napn\u00e1l tov\u00e1bb!<br \/>\nNe haszn\u00e1lja terhess\u00e9g \u00e9s szoptat\u00e1s alatt, 3 \u00e9vesn\u00e9l fiatalabb gyermekekn\u00e9l.<br \/>\nNem helyettes\u00edti a v\u00e1ltozatos \u00e9s kiegyens\u00falyozott \u00e9trendet \u00e9s az eg\u00e9szs\u00e9ges \u00e9letm\u00f3dot.<br \/>\nTartsa t\u00e1vol minden h\u0151- \u00e9s f\u00e9nyforr\u00e1st\u00f3l. Kisgyermekekt\u0151l elz\u00e1rva tartand\u00f3.<\/p>\n<p><strong>\u00d6sszetev\u0151k:<\/strong><br \/>\nFrukt\u00f3z szipup, Glicerin, Ficus carica syrup* (F\u00fcge szirup), Eucalyptus<br \/>\nglobulus* (Tasm\u00e1niai eukaliptusz), Citrus limonum* (Citromh\u00e9j), Pinus sylvestris*<br \/>\n(Erdeifeny\u0151), Satureja monata* (Hegyi pereszl\u00e9ny), Cinnamomum cassia* (K\u00ednai fah\u00e9jfa)<br \/>\n*biogazd\u00e1lkod\u00e1sb\u00f3l sz\u00e1rmaz\u00f3 \u00f6sszetev\u0151k<\/p>\n<p><em>O\u00c9GYI notifik\u00e1ci\u00f3s sz\u00e1m: 24972\/2020<\/em><\/p>\n","protected":false},"excerpt":{"rendered":"<p>A l\u00e9gutak term\u00e9szetes v\u00e9dekez\u00e9s\u00e9hez \u00e9s eg\u00e9szs\u00e9g\u00fck fenntart\u00e1s\u00e1hoz.<br \/>\nHurutos k\u00f6h\u00f6g\u00e9s eset\u00e9n<\/p>\n<p><em>N\u00f6v\u00e9nyi olajokat tartalmaz\u00f3 \u00e9trend-kieg\u00e9sz\u00edt\u0151 k\u00e9sz\u00edtm\u00e9ny<\/em><\/p>\n<p><em>\u00c9trendkieg\u00e9sz\u00edt\u0151, OGY\u00c9I notifik\u00e1ci\u00f3s sz\u00e1m: 24972\/2020<\/em><\/p>\n<p><strong>Kiszerel\u00e9s: 150 ml<\/strong><\/p>\n","protected":false},"featured_media":966,"template":"","meta":{"ocean_post_layout":"","ocean_both_sidebars_style":"","ocean_both_sidebars_content_width":0,"ocean_both_sidebars_sidebars_width":0,"ocean_sidebar":"0","ocean_second_sidebar":"0","ocean_disable_margins":"enable","ocean_add_body_class":"","ocean_shortcode_before_top_bar":"","ocean_shortcode_after_top_bar":"","ocean_shortcode_before_header":"","ocean_shortcode_after_header":"","ocean_has_shortcode":"","ocean_shortcode_after_title":"","ocean_shortcode_before_footer_widgets":"","ocean_shortcode_after_footer_widgets":"","ocean_shortcode_before_footer_bottom":"","ocean_shortcode_after_footer_bottom":"","ocean_display_top_bar":"default","ocean_display_header":"default","ocean_header_style":"","ocean_center_header_left_menu":"0","ocean_custom_header_template":"0","ocean_custom_logo":0,"ocean_custom_retina_logo":0,"ocean_custom_logo_max_width":0,"ocean_custom_logo_tablet_max_width":0,"ocean_custom_logo_mobile_max_width":0,"ocean_custom_logo_max_height":0,"ocean_custom_logo_tablet_max_height":0,"ocean_custom_logo_mobile_max_height":0,"ocean_header_custom_menu":"0","ocean_menu_typo_font_family":"0","ocean_menu_typo_font_subset":"","ocean_menu_typo_font_size":0,"ocean_menu_typo_font_size_tablet":0,"ocean_menu_typo_font_size_mobile":0,"ocean_menu_typo_font_size_unit":"px","ocean_menu_typo_font_weight":"","ocean_menu_typo_font_weight_tablet":"","ocean_menu_typo_font_weight_mobile":"","ocean_menu_typo_transform":"","ocean_menu_typo_transform_tablet":"","ocean_menu_typo_transform_mobile":"","ocean_menu_typo_line_height":0,"ocean_menu_typo_line_height_tablet":0,"ocean_menu_typo_line_height_mobile":0,"ocean_menu_typo_line_height_unit":"","ocean_menu_typo_spacing":0,"ocean_menu_typo_spacing_tablet":0,"ocean_menu_typo_spacing_mobile":0,"ocean_menu_typo_spacing_unit":"","ocean_menu_link_color":"","ocean_menu_link_color_hover":"","ocean_menu_link_color_active":"","ocean_menu_link_background":"","ocean_menu_link_hover_background":"","ocean_menu_link_active_background":"","ocean_menu_social_links_bg":"","ocean_menu_social_hover_links_bg":"","ocean_menu_social_links_color":"","ocean_menu_social_hover_links_color":"","ocean_disable_title":"default","ocean_disable_heading":"default","ocean_post_title":"","ocean_post_subheading":"","ocean_post_title_style":"","ocean_post_title_background_color":"","ocean_post_title_background":0,"ocean_post_title_bg_image_position":"","ocean_post_title_bg_image_attachment":"","ocean_post_title_bg_image_repeat":"","ocean_post_title_bg_image_size":"","ocean_post_title_height":0,"ocean_post_title_bg_overlay":0.5,"ocean_post_title_bg_overlay_color":"","ocean_disable_breadcrumbs":"default","ocean_breadcrumbs_color":"","ocean_breadcrumbs_separator_color":"","ocean_breadcrumbs_links_color":"","ocean_breadcrumbs_links_hover_color":"","ocean_display_footer_widgets":"default","ocean_display_footer_bottom":"default","ocean_custom_footer_template":"0"},"product_cat":[75],"product_tag":[76,70],"class_list":{"0":"post-965","1":"product","2":"type-product","3":"status-publish","4":"has-post-thumbnail","6":"product_cat-etrend-kiegeszitok","7":"product_tag-kohoges","8":"product_tag-legzorendszer","10":"entry","11":"has-media","13":"first","14":"instock","15":"shipping-taxable","16":"purchasable","17":"product-type-simple","18":"has-product-nav","19":"col","20":"span_1_of_3","21":"owp-content-center","22":"owp-thumbs-layout-horizontal","23":"owp-btn-normal","24":"owp-tabs-layout-horizontal","25":"has-no-thumbnails"},"_links":{"self":[{"href":"https:\/\/annarom.hu\/index.php?rest_route=\/wp\/v2\/product\/965","targetHints":{"allow":["GET"]}}],"collection":[{"href":"https:\/\/annarom.hu\/index.php?rest_route=\/wp\/v2\/product"}],"about":[{"href":"https:\/\/annarom.hu\/index.php?rest_route=\/wp\/v2\/types\/product"}],"wp:featuredmedia":[{"embeddable":true,"href":"https:\/\/annarom.hu\/index.php?rest_route=\/wp\/v2\/media\/966"}],"wp:attachment":[{"href":"https:\/\/annarom.hu\/index.php?rest_route=%2Fwp%2Fv2%2Fmedia&parent=965"}],"wp:term":[{"taxonomy":"product_cat","embeddable":true,"href":"https:\/\/annarom.hu\/index.php?rest_route=%2Fwp%2Fv2%2Fproduct_cat&post=965"},{"taxonomy":"product_tag","embeddable":true,"href":"https:\/\/annarom.hu\/index.php?rest_route=%2Fwp%2Fv2%2Fproduct_tag&post=965"}],"curies":[{"name":"wp","href":"https:\/\/api.w.org\/{rel}","templated":true}]}}