{"id":968,"date":"2023-08-17T22:45:31","date_gmt":"2023-08-17T20:45:31","guid":{"rendered":"https:\/\/annarom.hu\/?post_type=product&#038;p=968"},"modified":"2025-08-14T17:49:14","modified_gmt":"2025-08-14T15:49:14","slug":"aromaforce-junior-legzeskonnyito-balzsam","status":"publish","type":"product","link":"https:\/\/annarom.hu\/?product=aromaforce-junior-legzeskonnyito-balzsam","title":{"rendered":"AROMAFORCE JUNIOR L\u00c9GZ\u00c9SK\u00d6NNY\u00cdT\u0150 BALZSAM"},"content":{"rendered":"<p>ALKALMAZ\u00c1S:<\/p>\n<p>Kis mennyis\u00e9g\u0171 balzsamot vigyen fel a mellkasra, a h\u00e1tra, \u00e9s a torokra eg\u00e9szen a f\u00fclek m\u00f6g\u00f6tti ter\u00fcletig.<\/p>\n<p>3 \u00e9ves kort\u00f3l: \u00a02 alkalommal naponta<\/p>\n<p>6 \u00e9ves kort\u00f3l:\u00a0 legfeljebb\u00a0 4 alkalommal naponta<\/p>\n<p>Lefekv\u00e9s el\u0151tt alkalmazva, seg\u00edti a nyugodt \u00e9jszakai alv\u00e1st.<\/p>\n<p>Haszn\u00e1lat id\u0151tartama: legfeljebb 5 nap<\/p>\n<p>&nbsp;<\/p>\n<p>FIGYELMEZTET\u00c9S<\/p>\n<p>Ker\u00fclje a szemmel, ny\u00e1lkah\u00e1rty\u00e1val val\u00f3 \u00e9rintkez\u00e9st. Ne haszn\u00e1lja s\u00e9r\u00fclt vagy irrit\u00e1lt b\u0151rfel\u00fcleten.<br \/>\nNe haszn\u00e1lja a term\u00e9ket, ha b\u00e1rmelyik \u00f6sszetev\u0151j\u00e9re allergi\u00e1s. Amennyiben a haszn\u00e1lat sor\u00e1n b\u0151r \u00e9rz\u00e9kenys\u00e9g l\u00e9p fel, hagyja abba az alkalmaz\u00e1st. Kisgyermekekt\u0151l t\u00e1vol tartand\u00f3. Ne haszn\u00e1lja v\u00e1rand\u00f3ss\u00e1g, szoptat\u00e1s ideje alatt, valamint 3 \u00e9vesn\u00e9l fiatalabb gyermekekn\u00e9l. Haszn\u00e1lata ellenjavallt olyan gyerekek eset\u00e9ben, akiknek l\u00e1zg\u00f6rcse volt.<br \/>\nMossa meg a kez\u00e9t haszn\u00e1lat ut\u00e1n.<br \/>\nA term\u00e9k nem gy\u00f3gyszer.<br \/>\nCsak k\u00fcls\u0151 haszn\u00e1latra.<\/p>\n<p>&nbsp;<\/p>\n<p>\u00d6SSZETEV\u0150K<\/p>\n<div class=\"product-composition\">\n<p>V\u00edz, Cetearyl alkohol, Prunus armeniaca kernel oil * (S\u00e1rgabarackmag olaj), Glycerin, Origanum majorana flower oil * (Majoranna ill\u00f3olaj), Eucalyptus radiata leaf oil * (Eukaliptusz radiata ill\u00f3olaj), Inula graveolens oil * (Peremizs ill\u00f3olaj), Abies balsamea needle oil * (Balzsamfeny\u0151 ill\u00f3olaj), Cinnamomum camphora leaf oil * (Ravintsara ill\u00f3olaj), Mentha arvensis herb oil * (Mezei menta ill\u00f3olaj), Thymus vulgaris ct thujanol oil * (Kakukkf\u0171 tujanol), Cetearyl glucoside, Inulin lauryl carbamate, Xant\u00e1n gumi, Gellan gumi, Tocopherol, Sodium benzoate , Sorbitan caprylate, Sodium hydroxide, Propanediol, Lactic acid (Tejsav), Benzoic acid, Limonene **, Linalool **, Geraniol **, Eugenol **, Citral **.<\/p>\n<p>* \u00d6kol\u00f3giai gazd\u00e1lkod\u00e1sb\u00f3l sz\u00e1rmaz\u00f3 \u00f6sszetev\u0151 (Certisys BE-BIO-01 control); ECOGARANTIE \u00ae tan\u00fas\u00edtv\u00e1nnyal rendelkez\u0151 term\u00e9k, Ecogarantie szab\u00e1lyoz\u00e1soknak megfelel\u0151en (CERTISYS control).<br \/>\n** Az ill\u00f3olajokban term\u00e9szetesen jelen l\u00e9v\u0151 anyag.<\/p>\n<\/div>\n","protected":false},"excerpt":{"rendered":"<p>100% organikus ill\u00f3olajokat tartalmaz eukaliptuszb\u00f3l, majorann\u00e1b\u00f3l, kakukkf\u0171 CT tujanolb\u00f3l, ravintsara-b\u00f3l, mezei ment\u00e1b\u00f3l, balzsamfeny\u0151b\u0151l \u00e9s peremizsb\u0151l. Az ill\u00f3olajok tiszt\u00edt\u00f3 \u00e9s friss\u00edt\u0151 illatjegyei megnyugtatj\u00e1k \u00e9s jav\u00edtj\u00e1k a gyermek k\u00f6z\u00e9rzet\u00e9t a megf\u00e1z\u00e1ssal j\u00e1r\u00f3 kellemetlens\u00e9gek sor\u00e1n.<\/p>\n<p>L\u00e1gy text\u00far\u00e1ja k\u00f6nny\u0171 alkalmaz\u00e1st tesz lehet\u0151v\u00e9.<\/p>\n<p>Lefekv\u00e9s el\u0151tti haszn\u00e1lata seg\u00edti a nyugodt alv\u00e1st.<\/p>\n<p>B\u0151rgy\u00f3gy\u00e1szatilag tesztelve.<\/p>\n<p>Kiszerel\u00e9s: 50 ml<\/p>\n","protected":false},"featured_media":969,"template":"","meta":{"ocean_post_layout":"","ocean_both_sidebars_style":"","ocean_both_sidebars_content_width":0,"ocean_both_sidebars_sidebars_width":0,"ocean_sidebar":"0","ocean_second_sidebar":"0","ocean_disable_margins":"enable","ocean_add_body_class":"","ocean_shortcode_before_top_bar":"","ocean_shortcode_after_top_bar":"","ocean_shortcode_before_header":"","ocean_shortcode_after_header":"","ocean_has_shortcode":"","ocean_shortcode_after_title":"","ocean_shortcode_before_footer_widgets":"","ocean_shortcode_after_footer_widgets":"","ocean_shortcode_before_footer_bottom":"","ocean_shortcode_after_footer_bottom":"","ocean_display_top_bar":"default","ocean_display_header":"default","ocean_header_style":"","ocean_center_header_left_menu":"0","ocean_custom_header_template":"0","ocean_custom_logo":0,"ocean_custom_retina_logo":0,"ocean_custom_logo_max_width":0,"ocean_custom_logo_tablet_max_width":0,"ocean_custom_logo_mobile_max_width":0,"ocean_custom_logo_max_height":0,"ocean_custom_logo_tablet_max_height":0,"ocean_custom_logo_mobile_max_height":0,"ocean_header_custom_menu":"0","ocean_menu_typo_font_family":"0","ocean_menu_typo_font_subset":"","ocean_menu_typo_font_size":0,"ocean_menu_typo_font_size_tablet":0,"ocean_menu_typo_font_size_mobile":0,"ocean_menu_typo_font_size_unit":"px","ocean_menu_typo_font_weight":"","ocean_menu_typo_font_weight_tablet":"","ocean_menu_typo_font_weight_mobile":"","ocean_menu_typo_transform":"","ocean_menu_typo_transform_tablet":"","ocean_menu_typo_transform_mobile":"","ocean_menu_typo_line_height":0,"ocean_menu_typo_line_height_tablet":0,"ocean_menu_typo_line_height_mobile":0,"ocean_menu_typo_line_height_unit":"","ocean_menu_typo_spacing":0,"ocean_menu_typo_spacing_tablet":0,"ocean_menu_typo_spacing_mobile":0,"ocean_menu_typo_spacing_unit":"","ocean_menu_link_color":"","ocean_menu_link_color_hover":"","ocean_menu_link_color_active":"","ocean_menu_link_background":"","ocean_menu_link_hover_background":"","ocean_menu_link_active_background":"","ocean_menu_social_links_bg":"","ocean_menu_social_hover_links_bg":"","ocean_menu_social_links_color":"","ocean_menu_social_hover_links_color":"","ocean_disable_title":"default","ocean_disable_heading":"default","ocean_post_title":"","ocean_post_subheading":"","ocean_post_title_style":"","ocean_post_title_background_color":"","ocean_post_title_background":0,"ocean_post_title_bg_image_position":"","ocean_post_title_bg_image_attachment":"","ocean_post_title_bg_image_repeat":"","ocean_post_title_bg_image_size":"","ocean_post_title_height":0,"ocean_post_title_bg_overlay":0.5,"ocean_post_title_bg_overlay_color":"","ocean_disable_breadcrumbs":"default","ocean_breadcrumbs_color":"","ocean_breadcrumbs_separator_color":"","ocean_breadcrumbs_links_color":"","ocean_breadcrumbs_links_hover_color":"","ocean_display_footer_widgets":"default","ocean_display_footer_bottom":"default","ocean_custom_footer_template":"0"},"product_cat":[19],"product_tag":[76,68],"class_list":{"0":"post-968","1":"product","2":"type-product","3":"status-publish","4":"has-post-thumbnail","6":"product_cat-egyeb","7":"product_tag-kohoges","8":"product_tag-nyakoldo","10":"entry","11":"has-media","13":"first","14":"instock","15":"shipping-taxable","16":"purchasable","17":"product-type-simple","18":"has-product-nav","19":"col","20":"span_1_of_3","21":"owp-content-center","22":"owp-thumbs-layout-horizontal","23":"owp-btn-normal","24":"owp-tabs-layout-horizontal","25":"has-no-thumbnails"},"_links":{"self":[{"href":"https:\/\/annarom.hu\/index.php?rest_route=\/wp\/v2\/product\/968","targetHints":{"allow":["GET"]}}],"collection":[{"href":"https:\/\/annarom.hu\/index.php?rest_route=\/wp\/v2\/product"}],"about":[{"href":"https:\/\/annarom.hu\/index.php?rest_route=\/wp\/v2\/types\/product"}],"wp:featuredmedia":[{"embeddable":true,"href":"https:\/\/annarom.hu\/index.php?rest_route=\/wp\/v2\/media\/969"}],"wp:attachment":[{"href":"https:\/\/annarom.hu\/index.php?rest_route=%2Fwp%2Fv2%2Fmedia&parent=968"}],"wp:term":[{"taxonomy":"product_cat","embeddable":true,"href":"https:\/\/annarom.hu\/index.php?rest_route=%2Fwp%2Fv2%2Fproduct_cat&post=968"},{"taxonomy":"product_tag","embeddable":true,"href":"https:\/\/annarom.hu\/index.php?rest_route=%2Fwp%2Fv2%2Fproduct_tag&post=968"}],"curies":[{"name":"wp","href":"https:\/\/api.w.org\/{rel}","templated":true}]}}