{"id":972,"date":"2023-08-17T22:58:06","date_gmt":"2023-08-17T20:58:06","guid":{"rendered":"https:\/\/annarom.hu\/?post_type=product&#038;p=972"},"modified":"2025-08-14T17:47:45","modified_gmt":"2025-08-14T15:47:45","slug":"pranabb-legfertotlenito-illoolajkeverek-diffuzorba","status":"publish","type":"product","link":"https:\/\/annarom.hu\/?product=pranabb-legfertotlenito-illoolajkeverek-diffuzorba","title":{"rendered":"PRANABB L\u00c9GFERT\u0150TLEN\u00cdT\u0150 ILL\u00d3OLAJKEVER\u00c9K DIFF\u00daZORBA"},"content":{"rendered":"<p>Nagyhat\u00e1s\u00fa \u00f6sszetev\u0151i r\u00e9v\u00e9n, hat\u00e9konyan \u00e9s hosszan tart\u00f3an tiszt\u00edtja a leveg\u0151t.<br \/>\nK\u00f6z\u00f6ss\u00e9gbe j\u00e1r\u00f3 gyermemeknek \u00e9s kistestv\u00e9reiknek aj\u00e1nlott.<\/p>\n<p><strong>Haszn\u00e1lata:<\/strong><br \/>\n3 h\u00f3napos kort\u00f3l haszn\u00e1lhat\u00f3 a baba szob\u00e1j\u00e1ban.<br \/>\nTegyen 3 cseppet a p\u00e1rologtat\u00f3ba vagy elektromos diff\u00fazorba!<\/p>\n<p><strong>\u00d6sszetev\u00f6k:<\/strong><\/p>\n<p>100% tisztas\u00e1g\u00fa, bio ill\u00f3olajok:<br \/>\nMadagaszk\u00e1ri k\u00e1mforfa (Cinnamonum camphora ct cineole)<br \/>\nCinnamonum camphora ct. linalol (Hofa),<br \/>\nMelaleuca quinquenervia \u2013 (Niauli),<br \/>\nPinus pinaster (Tengerparti feny\u0151)<\/p>\n<p><strong>FIGYELMEZTET\u00c9S:<\/strong><br \/>\nGyermekek el\u0151l gondosan z\u00e1rja el!<br \/>\nCsak k\u00fcls\u0151leg haszn\u00e1lhat\u00f3!<br \/>\nKer\u00fclje a szemmel val\u00f3 \u00e9rintkez\u00e9st!<br \/>\nTartsa t\u00e1vol h\u0151t\u0151l \u00e9s f\u00e9nyt\u0151l!<\/p>\n","protected":false},"excerpt":{"rendered":"<p>L\u00e9gtiszt\u00edt\u00f3, l\u00e9gfert\u0151tlen\u00edt\u0151 ill\u00f3olaj kever\u00e9k p\u00e1rologtat\u00f3ba hosszantart\u00f3 hat\u00e1ssal<br \/>\nGyermekeknek 3 h\u00f3napos kort\u00f3l<\/p>\n<p><strong>Kiszerel\u00e9s: 10 ml<\/strong><\/p>\n","protected":false},"featured_media":973,"template":"","meta":{"ocean_post_layout":"","ocean_both_sidebars_style":"","ocean_both_sidebars_content_width":0,"ocean_both_sidebars_sidebars_width":0,"ocean_sidebar":"0","ocean_second_sidebar":"0","ocean_disable_margins":"enable","ocean_add_body_class":"","ocean_shortcode_before_top_bar":"","ocean_shortcode_after_top_bar":"","ocean_shortcode_before_header":"","ocean_shortcode_after_header":"","ocean_has_shortcode":"","ocean_shortcode_after_title":"","ocean_shortcode_before_footer_widgets":"","ocean_shortcode_after_footer_widgets":"","ocean_shortcode_before_footer_bottom":"","ocean_shortcode_after_footer_bottom":"","ocean_display_top_bar":"default","ocean_display_header":"default","ocean_header_style":"","ocean_center_header_left_menu":"0","ocean_custom_header_template":"0","ocean_custom_logo":0,"ocean_custom_retina_logo":0,"ocean_custom_logo_max_width":0,"ocean_custom_logo_tablet_max_width":0,"ocean_custom_logo_mobile_max_width":0,"ocean_custom_logo_max_height":0,"ocean_custom_logo_tablet_max_height":0,"ocean_custom_logo_mobile_max_height":0,"ocean_header_custom_menu":"0","ocean_menu_typo_font_family":"0","ocean_menu_typo_font_subset":"","ocean_menu_typo_font_size":0,"ocean_menu_typo_font_size_tablet":0,"ocean_menu_typo_font_size_mobile":0,"ocean_menu_typo_font_size_unit":"px","ocean_menu_typo_font_weight":"","ocean_menu_typo_font_weight_tablet":"","ocean_menu_typo_font_weight_mobile":"","ocean_menu_typo_transform":"","ocean_menu_typo_transform_tablet":"","ocean_menu_typo_transform_mobile":"","ocean_menu_typo_line_height":0,"ocean_menu_typo_line_height_tablet":0,"ocean_menu_typo_line_height_mobile":0,"ocean_menu_typo_line_height_unit":"","ocean_menu_typo_spacing":0,"ocean_menu_typo_spacing_tablet":0,"ocean_menu_typo_spacing_mobile":0,"ocean_menu_typo_spacing_unit":"","ocean_menu_link_color":"","ocean_menu_link_color_hover":"","ocean_menu_link_color_active":"","ocean_menu_link_background":"","ocean_menu_link_hover_background":"","ocean_menu_link_active_background":"","ocean_menu_social_links_bg":"","ocean_menu_social_hover_links_bg":"","ocean_menu_social_links_color":"","ocean_menu_social_hover_links_color":"","ocean_disable_title":"default","ocean_disable_heading":"default","ocean_post_title":"","ocean_post_subheading":"","ocean_post_title_style":"","ocean_post_title_background_color":"","ocean_post_title_background":0,"ocean_post_title_bg_image_position":"","ocean_post_title_bg_image_attachment":"","ocean_post_title_bg_image_repeat":"","ocean_post_title_bg_image_size":"","ocean_post_title_height":0,"ocean_post_title_bg_overlay":0.5,"ocean_post_title_bg_overlay_color":"","ocean_disable_breadcrumbs":"default","ocean_breadcrumbs_color":"","ocean_breadcrumbs_separator_color":"","ocean_breadcrumbs_links_color":"","ocean_breadcrumbs_links_hover_color":"","ocean_display_footer_widgets":"default","ocean_display_footer_bottom":"default","ocean_custom_footer_template":"0"},"product_cat":[50],"product_tag":[27,54,70],"class_list":{"0":"post-972","1":"product","2":"type-product","3":"status-publish","4":"has-post-thumbnail","6":"product_cat-illoolajok","7":"product_tag-baba","8":"product_tag-immuntamogatas","9":"product_tag-legzorendszer","11":"entry","12":"has-media","14":"first","15":"instock","16":"shipping-taxable","17":"purchasable","18":"product-type-simple","19":"has-product-nav","20":"col","21":"span_1_of_3","22":"owp-content-center","23":"owp-thumbs-layout-horizontal","24":"owp-btn-normal","25":"owp-tabs-layout-horizontal","26":"has-no-thumbnails"},"_links":{"self":[{"href":"https:\/\/annarom.hu\/index.php?rest_route=\/wp\/v2\/product\/972","targetHints":{"allow":["GET"]}}],"collection":[{"href":"https:\/\/annarom.hu\/index.php?rest_route=\/wp\/v2\/product"}],"about":[{"href":"https:\/\/annarom.hu\/index.php?rest_route=\/wp\/v2\/types\/product"}],"wp:featuredmedia":[{"embeddable":true,"href":"https:\/\/annarom.hu\/index.php?rest_route=\/wp\/v2\/media\/973"}],"wp:attachment":[{"href":"https:\/\/annarom.hu\/index.php?rest_route=%2Fwp%2Fv2%2Fmedia&parent=972"}],"wp:term":[{"taxonomy":"product_cat","embeddable":true,"href":"https:\/\/annarom.hu\/index.php?rest_route=%2Fwp%2Fv2%2Fproduct_cat&post=972"},{"taxonomy":"product_tag","embeddable":true,"href":"https:\/\/annarom.hu\/index.php?rest_route=%2Fwp%2Fv2%2Fproduct_tag&post=972"}],"curies":[{"name":"wp","href":"https:\/\/api.w.org\/{rel}","templated":true}]}}